{"id":1733,"date":"2025-04-15T14:46:58","date_gmt":"2025-04-15T14:46:58","guid":{"rendered":"https:\/\/holisticcentre.es\/?post_type=product&#038;p=1733"},"modified":"2025-11-06T10:01:25","modified_gmt":"2025-11-06T09:01:25","slug":"curso-isak","status":"publish","type":"product","link":"https:\/\/holisticcentre.es\/es\/producto\/curso-isak\/","title":{"rendered":"CERTIFICACI\u00d3N ISAK NIVEL 1 (REALIZADO)"},"content":{"rendered":"","protected":false},"excerpt":{"rendered":"<p><strong><span style=\"vertical-align: inherit;\">Fechas:<\/span><\/strong><span style=\"vertical-align: inherit;\">\u00a0 3, 4 y 5 de Octubre.<\/span><\/p>\n<p><strong><span style=\"vertical-align: inherit;\"><span style=\"vertical-align: inherit;\"><span style=\"vertical-align: inherit;\">Tiempo:<\/span><\/span><\/span><\/strong><\/p>\n<ul>\n<li><span style=\"vertical-align: inherit;\">Viernes 15:30h a 20:00h.<\/span><\/li>\n<li>S\u00e1bado 9:00h a 14:00 h y de 15:30 a 20:00h.<\/li>\n<li><span style=\"vertical-align: inherit;\">Domingo 9:00 ha 14:00 h y de 15:30 a 18:00 h.<\/span><\/li>\n<\/ul>\n<p><strong><span style=\"vertical-align: inherit;\">Precio:<\/span><\/strong><\/p>\n<ul>\n<li style=\"list-style-type: none;\">\n<ul>\n<li style=\"list-style-type: none;\">\n<ul>\n<li>350 euros (hasta el 3 de septiembre, despu\u00e9s 390 euros).<\/li>\n<\/ul>\n<\/li>\n<\/ul>\n<\/li>\n<\/ul>\n<p><strong><span style=\"vertical-align: inherit;\">Si eres estudiante:<\/span><\/strong><\/p>\n<ul>\n<li><span style=\"vertical-align: inherit;\">350 euros. (Aplica este cup\u00f3n al momento de inscribirse: <\/span><strong><span style=\"vertical-align: inherit;\">ESTUDIANTISAK<\/span><\/strong><\/li>\n<\/ul>\n<p><span style=\"vertical-align: inherit;\"><span style=\"vertical-align: inherit;\"><span style=\"vertical-align: inherit;\">Fuerza:<\/span><\/span><\/span><\/p>\n<ul>\n<li><span style=\"vertical-align: inherit;\">Un m\u00ednimo de 10 alumnos y un m\u00e1ximo de 15 alumnos.<\/span><\/li>\n<\/ul>\n<p><strong><span style=\"vertical-align: inherit;\">Dirigido por:<\/span><\/strong><\/p>\n<ul>\n<li><span style=\"vertical-align: inherit;\">Profesionales y estudiantes de nutrici\u00f3n, diet\u00e9tica, deporte y salud.<\/span><\/li>\n<\/ul>\n<p><strong><span style=\"vertical-align: inherit;\">Ubicaci\u00f3n:<\/span><\/strong><\/p>\n<ul>\n<li><strong><span style=\"vertical-align: inherit;\">Hol\u00edstico Centro Balaguer<\/span><\/strong><\/li>\n<\/ul>\n<p><strong><span style=\"vertical-align: inherit;\">Profesor:<\/span><\/strong><\/p>\n<p><strong><span style=\"vertical-align: inherit;\"><span style=\"vertical-align: inherit;\"><span style=\"vertical-align: inherit;\">Khalid Bouchikhi<\/span><\/span><\/span><\/strong><\/p>\n<p><span style=\"vertical-align: inherit;\">ISAK Nivel 3, dietista-nutricionista y farmac\u00e9utico. MSc en nutrici\u00f3n deportiva y consultor de deportistas de \u00e9lite.<\/span><\/p>\n<p><strong><span style=\"vertical-align: inherit;\">Objetivos:<\/span><\/strong><\/p>\n<ol>\n<li><span style=\"vertical-align: inherit;\">Aprender la totalidad de las medidas antropom\u00e9tricas seg\u00fan el protocolo ISAK<\/span><\/li>\n<li><span style=\"vertical-align: inherit;\">Perfeccionar la t\u00e9cnica de medici\u00f3n, haci\u00e9ndola m\u00e1s precisa y fiable.<\/span><\/li>\n<li><span style=\"vertical-align: inherit;\">Analizar las diferencias entre calibres para medir pliegos y en qu\u00e9 contexto utilizarlos<\/span><\/li>\n<li><span style=\"vertical-align: inherit;\">Aprender manejo de software (programas para calcular la composici\u00f3n corporal) y la interpretaci\u00f3n de los resultados<\/span><\/li>\n<li><span style=\"vertical-align: inherit;\">Incorporar conceptos te\u00f3ricos necesarios para un correcto uso y comprensi\u00f3n de la t\u00e9cnica.<\/span><\/li>\n<\/ol>\n<p><strong><span style=\"vertical-align: inherit;\"><span style=\"vertical-align: inherit;\"><span style=\"vertical-align: inherit;\">Tema<\/span><\/span><\/span><\/strong><\/p>\n<ul>\n<li><span style=\"vertical-align: inherit;\">Introducci\u00f3n a la cineantropometr\u00eda: historia y fundamentos.<\/span><\/li>\n<li><span style=\"vertical-align: inherit;\">M\u00e9todos de valoraci\u00f3n de la composici\u00f3n corporal.<\/span><\/li>\n<li><span style=\"vertical-align: inherit;\">Herramientas antropom\u00e9tricas: manejo, calibraci\u00f3n y control del error t\u00e9cnico de medida. CONTENIDO TE\u00d3RICO<\/span><\/li>\n<li><span style=\"vertical-align: inherit;\">Somatotipo: medici\u00f3n, c\u00e1lculo e interpretaci\u00f3n.<\/span><\/li>\n<li><span style=\"vertical-align: inherit;\">Aspectos bio\u00e9ticos y \u00e9ticos de la antropometr\u00eda.<\/span><\/li>\n<li><span style=\"vertical-align: inherit;\">Uso de software especializado: an\u00e1lisis y presentaci\u00f3n de informes individuales y grupales. CONTENIDO PR\u00c1CTICO<\/span><\/li>\n<li><span style=\"vertical-align: inherit;\">El componente pr\u00e1ctico consta de 18 horas presenciales, durante las cuales los participantes aprender\u00e1n a realizar: <\/span><br \/>\n<span style=\"vertical-align: inherit;\">&#8211; 4 medidas b\u00e1sicas. <\/span><br \/>\n<span style=\"vertical-align: inherit;\">&#8211; 8 pliegos cut\u00e1neos. &#8211; 6 per\u00edmetros. <\/span><br \/>\n<span style=\"vertical-align: inherit;\">&#8211; 3 di\u00e1metros. <\/span><br \/>\n<span style=\"vertical-align: inherit;\">Se facilitar\u00e1n las herramientas necesarias para garantizar una experiencia formativa integral.<\/span><\/li>\n<\/ul>\n<p><span style=\"vertical-align: inherit;\">Para m\u00e1s informaci\u00f3n, contacte al tel\u00e9fono 625442244 o al correo electr\u00f3nico\u00a0 <\/span><a href=\"mailto:formacions@holisticcentre.es\"><span style=\"vertical-align: inherit;\">formacions@holisticcentre.es<\/span><\/a><span style=\"vertical-align: inherit;\"> \u00a0.<\/span><\/p>\n<div style=\"border: 1px solid #ccc; padding: 20px; border-radius: 10px; max-width: 400px; background: #f9f9f9;\">\n<h3 style=\"margin-bottom: 12px; font-size: 18px;\">\ud83d\udce5<span style=\"vertical-align: inherit;\">Descargas disponibles<\/span><\/h3>\n<ul style=\"list-style: none; padding: 0; margin: 0;\">\n<li style=\"margin-bottom: 6px;\"><a style=\"color: #0073aa; text-decoration: none;\" href=\"https:\/\/holisticcentre.es\/wp-content\/uploads\/2020\/09\/Dossier-ISAK-Balaguer-Castella.pdf\" target=\"_blank\" rel=\"noopener\"><span style=\"vertical-align: inherit;\"><span style=\"vertical-align: inherit;\">\ud83d\udcc4 Descargar archivo ISAK<\/span><\/span><\/a><\/li>\n<\/ul>\n<\/div>\n","protected":false},"featured_media":1858,"comment_status":"open","ping_status":"closed","template":"","meta":[],"product_brand":[],"product_cat":[40],"product_tag":[],"class_list":{"0":"post-1733","1":"product","2":"type-product","3":"status-publish","4":"has-post-thumbnail","6":"product_cat-sin-categorizar","7":"product-grid-view","9":"first","10":"outofstock","11":"virtual","12":"sold-individually","13":"purchasable","14":"product-type-simple"},"yoast_head":"<!-- This site is optimized with the Yoast SEO plugin v26.0 - https:\/\/yoast.com\/wordpress\/plugins\/seo\/ -->\n<title>CERTIFICACI\u00d3N ISAK NIVEL 1 (REALIZADO) - Holistic Centre<\/title>\n<meta name=\"robots\" content=\"index, follow, max-snippet:-1, max-image-preview:large, max-video-preview:-1\" \/>\n<link rel=\"canonical\" href=\"https:\/\/holisticcentre.es\/es\/producto\/curso-isak\/\" \/>\n<meta property=\"og:locale\" content=\"es_ES\" \/>\n<meta property=\"og:type\" content=\"article\" \/>\n<meta property=\"og:title\" content=\"CERTIFICACI\u00d3N ISAK NIVEL 1 (REALIZADO) - Holistic Centre\" \/>\n<meta property=\"og:description\" content=\"Fechas:\u00a0 3, 4 y 5 de Octubre.  Tiempo:   Viernes 15:30h a 20:00h.  S\u00e1bado 9:00h a 14:00 h y de 15:30 a 20:00h.  Domingo 9:00 ha 14:00 h y de 15:30 a 18:00 h.  Precio:         350 euros (hasta el 3 de septiembre, despu\u00e9s 390 euros).      Si eres estudiante:   350 euros. (Aplica este cup\u00f3n al momento de inscribirse: ESTUDIANTISAK  Fuerza:   Un m\u00ednimo de 10 alumnos y un m\u00e1ximo de 15 alumnos.  Dirigido por:   Profesionales y estudiantes de nutrici\u00f3n, diet\u00e9tica, deporte y salud.  Ubicaci\u00f3n:   Hol\u00edstico Centro Balaguer  Profesor:  Khalid Bouchikhi  ISAK Nivel 3, dietista-nutricionista y farmac\u00e9utico. MSc en nutrici\u00f3n deportiva y consultor de deportistas de \u00e9lite.  Objetivos:   Aprender la totalidad de las medidas antropom\u00e9tricas seg\u00fan el protocolo ISAK  Perfeccionar la t\u00e9cnica de medici\u00f3n, haci\u00e9ndola m\u00e1s precisa y fiable.  Analizar las diferencias entre calibres para medir pliegos y en qu\u00e9 contexto utilizarlos  Aprender manejo de software (programas para calcular la composici\u00f3n corporal) y la interpretaci\u00f3n de los resultados  Incorporar conceptos te\u00f3ricos necesarios para un correcto uso y comprensi\u00f3n de la t\u00e9cnica.  Tema   Introducci\u00f3n a la cineantropometr\u00eda: historia y fundamentos.  M\u00e9todos de valoraci\u00f3n de la composici\u00f3n corporal.  Herramientas antropom\u00e9tricas: manejo, calibraci\u00f3n y control del error t\u00e9cnico de medida. CONTENIDO TE\u00d3RICO  Somatotipo: medici\u00f3n, c\u00e1lculo e interpretaci\u00f3n.  Aspectos bio\u00e9ticos y \u00e9ticos de la antropometr\u00eda.  Uso de software especializado: an\u00e1lisis y presentaci\u00f3n de informes individuales y grupales. CONTENIDO PR\u00c1CTICO  El componente pr\u00e1ctico consta de 18 horas presenciales, durante las cuales los participantes aprender\u00e1n a realizar:  - 4 medidas b\u00e1sicas.  - 8 pliegos cut\u00e1neos. - 6 per\u00edmetros.  - 3 di\u00e1metros.  Se facilitar\u00e1n las herramientas necesarias para garantizar una experiencia formativa integral.  Para m\u00e1s informaci\u00f3n, contacte al tel\u00e9fono 625442244 o al correo electr\u00f3nico\u00a0 formacions@holisticcentre.es \u00a0.  \ud83d\udce5Descargas disponibles   \ud83d\udcc4 Descargar archivo ISAK\" \/>\n<meta property=\"og:url\" content=\"https:\/\/holisticcentre.es\/es\/producto\/curso-isak\/\" \/>\n<meta property=\"og:site_name\" content=\"Holistic Centre\" \/>\n<meta property=\"article:modified_time\" content=\"2025-11-06T09:01:25+00:00\" \/>\n<meta property=\"og:image\" content=\"https:\/\/holisticcentre.es\/wp-content\/uploads\/2025\/04\/WhatsApp-Image-2025-08-05-at-11.33.45-1.jpeg\" \/>\n\t<meta property=\"og:image:width\" content=\"1080\" \/>\n\t<meta property=\"og:image:height\" content=\"1080\" \/>\n\t<meta property=\"og:image:type\" content=\"image\/jpeg\" \/>\n<meta name=\"twitter:card\" content=\"summary_large_image\" \/>\n<meta name=\"twitter:label1\" content=\"Tiempo de lectura\" \/>\n\t<meta name=\"twitter:data1\" content=\"1 minuto\" \/>\n<script type=\"application\/ld+json\" class=\"yoast-schema-graph\">{\"@context\":\"https:\/\/schema.org\",\"@graph\":[{\"@type\":\"WebPage\",\"@id\":\"https:\/\/holisticcentre.es\/es\/producto\/curso-isak\/\",\"url\":\"https:\/\/holisticcentre.es\/es\/producto\/curso-isak\/\",\"name\":\"CERTIFICACI\u00d3N ISAK NIVEL 1 (REALIZADO) - Holistic Centre\",\"isPartOf\":{\"@id\":\"https:\/\/holisticcentre.es\/es\/#website\"},\"primaryImageOfPage\":{\"@id\":\"https:\/\/holisticcentre.es\/es\/producto\/curso-isak\/#primaryimage\"},\"image\":{\"@id\":\"https:\/\/holisticcentre.es\/es\/producto\/curso-isak\/#primaryimage\"},\"thumbnailUrl\":\"https:\/\/holisticcentre.es\/wp-content\/uploads\/2025\/04\/WhatsApp-Image-2025-08-05-at-11.33.45-1.jpeg\",\"datePublished\":\"2025-04-15T14:46:58+00:00\",\"dateModified\":\"2025-11-06T09:01:25+00:00\",\"breadcrumb\":{\"@id\":\"https:\/\/holisticcentre.es\/es\/producto\/curso-isak\/#breadcrumb\"},\"inLanguage\":\"es\",\"potentialAction\":[{\"@type\":\"ReadAction\",\"target\":[\"https:\/\/holisticcentre.es\/es\/producto\/curso-isak\/\"]}]},{\"@type\":\"ImageObject\",\"inLanguage\":\"es\",\"@id\":\"https:\/\/holisticcentre.es\/es\/producto\/curso-isak\/#primaryimage\",\"url\":\"https:\/\/holisticcentre.es\/wp-content\/uploads\/2025\/04\/WhatsApp-Image-2025-08-05-at-11.33.45-1.jpeg\",\"contentUrl\":\"https:\/\/holisticcentre.es\/wp-content\/uploads\/2025\/04\/WhatsApp-Image-2025-08-05-at-11.33.45-1.jpeg\",\"width\":1080,\"height\":1080},{\"@type\":\"BreadcrumbList\",\"@id\":\"https:\/\/holisticcentre.es\/es\/producto\/curso-isak\/#breadcrumb\",\"itemListElement\":[{\"@type\":\"ListItem\",\"position\":1,\"name\":\"Home\",\"item\":\"https:\/\/holisticcentre.es\/es\/\"},{\"@type\":\"ListItem\",\"position\":2,\"name\":\"Formaciones\",\"item\":\"https:\/\/holisticcentre.es\/es\/formaciones\/\"},{\"@type\":\"ListItem\",\"position\":3,\"name\":\"CERTIFICACI\u00d3N ISAK NIVEL 1 (REALIZADO)\"}]},{\"@type\":\"WebSite\",\"@id\":\"https:\/\/holisticcentre.es\/es\/#website\",\"url\":\"https:\/\/holisticcentre.es\/es\/\",\"name\":\"Holistic Centre\",\"description\":\"\",\"potentialAction\":[{\"@type\":\"SearchAction\",\"target\":{\"@type\":\"EntryPoint\",\"urlTemplate\":\"https:\/\/holisticcentre.es\/es\/?s={search_term_string}\"},\"query-input\":{\"@type\":\"PropertyValueSpecification\",\"valueRequired\":true,\"valueName\":\"search_term_string\"}}],\"inLanguage\":\"es\"}]}<\/script>\n<!-- \/ Yoast SEO plugin. -->","yoast_head_json":{"title":"CERTIFICACI\u00d3N ISAK NIVEL 1 (REALIZADO) - Holistic Centre","robots":{"index":"index","follow":"follow","max-snippet":"max-snippet:-1","max-image-preview":"max-image-preview:large","max-video-preview":"max-video-preview:-1"},"canonical":"https:\/\/holisticcentre.es\/es\/producto\/curso-isak\/","og_locale":"es_ES","og_type":"article","og_title":"CERTIFICACI\u00d3N ISAK NIVEL 1 (REALIZADO) - Holistic Centre","og_description":"Fechas:\u00a0 3, 4 y 5 de Octubre.  Tiempo:   Viernes 15:30h a 20:00h.  S\u00e1bado 9:00h a 14:00 h y de 15:30 a 20:00h.  Domingo 9:00 ha 14:00 h y de 15:30 a 18:00 h.  Precio:         350 euros (hasta el 3 de septiembre, despu\u00e9s 390 euros).      Si eres estudiante:   350 euros. (Aplica este cup\u00f3n al momento de inscribirse: ESTUDIANTISAK  Fuerza:   Un m\u00ednimo de 10 alumnos y un m\u00e1ximo de 15 alumnos.  Dirigido por:   Profesionales y estudiantes de nutrici\u00f3n, diet\u00e9tica, deporte y salud.  Ubicaci\u00f3n:   Hol\u00edstico Centro Balaguer  Profesor:  Khalid Bouchikhi  ISAK Nivel 3, dietista-nutricionista y farmac\u00e9utico. MSc en nutrici\u00f3n deportiva y consultor de deportistas de \u00e9lite.  Objetivos:   Aprender la totalidad de las medidas antropom\u00e9tricas seg\u00fan el protocolo ISAK  Perfeccionar la t\u00e9cnica de medici\u00f3n, haci\u00e9ndola m\u00e1s precisa y fiable.  Analizar las diferencias entre calibres para medir pliegos y en qu\u00e9 contexto utilizarlos  Aprender manejo de software (programas para calcular la composici\u00f3n corporal) y la interpretaci\u00f3n de los resultados  Incorporar conceptos te\u00f3ricos necesarios para un correcto uso y comprensi\u00f3n de la t\u00e9cnica.  Tema   Introducci\u00f3n a la cineantropometr\u00eda: historia y fundamentos.  M\u00e9todos de valoraci\u00f3n de la composici\u00f3n corporal.  Herramientas antropom\u00e9tricas: manejo, calibraci\u00f3n y control del error t\u00e9cnico de medida. CONTENIDO TE\u00d3RICO  Somatotipo: medici\u00f3n, c\u00e1lculo e interpretaci\u00f3n.  Aspectos bio\u00e9ticos y \u00e9ticos de la antropometr\u00eda.  Uso de software especializado: an\u00e1lisis y presentaci\u00f3n de informes individuales y grupales. CONTENIDO PR\u00c1CTICO  El componente pr\u00e1ctico consta de 18 horas presenciales, durante las cuales los participantes aprender\u00e1n a realizar:  - 4 medidas b\u00e1sicas.  - 8 pliegos cut\u00e1neos. - 6 per\u00edmetros.  - 3 di\u00e1metros.  Se facilitar\u00e1n las herramientas necesarias para garantizar una experiencia formativa integral.  Para m\u00e1s informaci\u00f3n, contacte al tel\u00e9fono 625442244 o al correo electr\u00f3nico\u00a0 formacions@holisticcentre.es \u00a0.  \ud83d\udce5Descargas disponibles   \ud83d\udcc4 Descargar archivo ISAK","og_url":"https:\/\/holisticcentre.es\/es\/producto\/curso-isak\/","og_site_name":"Holistic Centre","article_modified_time":"2025-11-06T09:01:25+00:00","og_image":[{"width":1080,"height":1080,"url":"https:\/\/holisticcentre.es\/wp-content\/uploads\/2025\/04\/WhatsApp-Image-2025-08-05-at-11.33.45-1.jpeg","type":"image\/jpeg"}],"twitter_card":"summary_large_image","twitter_misc":{"Tiempo de lectura":"1 minuto"},"schema":{"@context":"https:\/\/schema.org","@graph":[{"@type":"WebPage","@id":"https:\/\/holisticcentre.es\/es\/producto\/curso-isak\/","url":"https:\/\/holisticcentre.es\/es\/producto\/curso-isak\/","name":"CERTIFICACI\u00d3N ISAK NIVEL 1 (REALIZADO) - Holistic Centre","isPartOf":{"@id":"https:\/\/holisticcentre.es\/es\/#website"},"primaryImageOfPage":{"@id":"https:\/\/holisticcentre.es\/es\/producto\/curso-isak\/#primaryimage"},"image":{"@id":"https:\/\/holisticcentre.es\/es\/producto\/curso-isak\/#primaryimage"},"thumbnailUrl":"https:\/\/holisticcentre.es\/wp-content\/uploads\/2025\/04\/WhatsApp-Image-2025-08-05-at-11.33.45-1.jpeg","datePublished":"2025-04-15T14:46:58+00:00","dateModified":"2025-11-06T09:01:25+00:00","breadcrumb":{"@id":"https:\/\/holisticcentre.es\/es\/producto\/curso-isak\/#breadcrumb"},"inLanguage":"es","potentialAction":[{"@type":"ReadAction","target":["https:\/\/holisticcentre.es\/es\/producto\/curso-isak\/"]}]},{"@type":"ImageObject","inLanguage":"es","@id":"https:\/\/holisticcentre.es\/es\/producto\/curso-isak\/#primaryimage","url":"https:\/\/holisticcentre.es\/wp-content\/uploads\/2025\/04\/WhatsApp-Image-2025-08-05-at-11.33.45-1.jpeg","contentUrl":"https:\/\/holisticcentre.es\/wp-content\/uploads\/2025\/04\/WhatsApp-Image-2025-08-05-at-11.33.45-1.jpeg","width":1080,"height":1080},{"@type":"BreadcrumbList","@id":"https:\/\/holisticcentre.es\/es\/producto\/curso-isak\/#breadcrumb","itemListElement":[{"@type":"ListItem","position":1,"name":"Home","item":"https:\/\/holisticcentre.es\/es\/"},{"@type":"ListItem","position":2,"name":"Formaciones","item":"https:\/\/holisticcentre.es\/es\/formaciones\/"},{"@type":"ListItem","position":3,"name":"CERTIFICACI\u00d3N ISAK NIVEL 1 (REALIZADO)"}]},{"@type":"WebSite","@id":"https:\/\/holisticcentre.es\/es\/#website","url":"https:\/\/holisticcentre.es\/es\/","name":"Holistic Centre","description":"","potentialAction":[{"@type":"SearchAction","target":{"@type":"EntryPoint","urlTemplate":"https:\/\/holisticcentre.es\/es\/?s={search_term_string}"},"query-input":{"@type":"PropertyValueSpecification","valueRequired":true,"valueName":"search_term_string"}}],"inLanguage":"es"}]}},"_links":{"self":[{"href":"https:\/\/holisticcentre.es\/es\/wp-json\/wp\/v2\/product\/1733","targetHints":{"allow":["GET"]}}],"collection":[{"href":"https:\/\/holisticcentre.es\/es\/wp-json\/wp\/v2\/product"}],"about":[{"href":"https:\/\/holisticcentre.es\/es\/wp-json\/wp\/v2\/types\/product"}],"replies":[{"embeddable":true,"href":"https:\/\/holisticcentre.es\/es\/wp-json\/wp\/v2\/comments?post=1733"}],"wp:featuredmedia":[{"embeddable":true,"href":"https:\/\/holisticcentre.es\/es\/wp-json\/wp\/v2\/media\/1858"}],"wp:attachment":[{"href":"https:\/\/holisticcentre.es\/es\/wp-json\/wp\/v2\/media?parent=1733"}],"wp:term":[{"taxonomy":"product_brand","embeddable":true,"href":"https:\/\/holisticcentre.es\/es\/wp-json\/wp\/v2\/product_brand?post=1733"},{"taxonomy":"product_cat","embeddable":true,"href":"https:\/\/holisticcentre.es\/es\/wp-json\/wp\/v2\/product_cat?post=1733"},{"taxonomy":"product_tag","embeddable":true,"href":"https:\/\/holisticcentre.es\/es\/wp-json\/wp\/v2\/product_tag?post=1733"}],"curies":[{"name":"wp","href":"https:\/\/api.w.org\/{rel}","templated":true}]}}