{"id":1868,"date":"2025-08-26T16:57:11","date_gmt":"2025-08-26T14:57:11","guid":{"rendered":"https:\/\/holisticcentre.es\/?post_type=product&#038;p=1868"},"modified":"2025-11-06T09:59:22","modified_gmt":"2025-11-06T08:59:22","slug":"curso-monografico-hombro","status":"publish","type":"product","link":"https:\/\/holisticcentre.es\/es\/producto\/curso-monografico-hombro\/","title":{"rendered":"CURSO MONOGR\u00c1FICO DE HOMBRO (REALIZADO)"},"content":{"rendered":"","protected":false},"excerpt":{"rendered":"<p><strong>Fechas:<\/strong> 10 i 11 de Octubre.<\/p>\n<p><strong><span dir=\"auto\" style=\"vertical-align: inherit;\"><span dir=\"auto\" style=\"vertical-align: inherit;\">Precio:<\/span><\/span><\/strong><\/p>\n<ul>\n<li><span dir=\"auto\" style=\"vertical-align: inherit;\"><span dir=\"auto\" style=\"vertical-align: inherit;\">240 euros.<\/span><\/span><\/li>\n<\/ul>\n<p><strong><span dir=\"auto\" style=\"vertical-align: inherit;\"><span dir=\"auto\" style=\"vertical-align: inherit;\">Horario:<\/span><\/span><\/strong><\/p>\n<ul>\n<li><span dir=\"auto\" style=\"vertical-align: inherit;\"><span dir=\"auto\" style=\"vertical-align: inherit;\">Viernes: 9:00 a 14:00 y de 15:30 a 20:30.<\/span><\/span><\/li>\n<li><span dir=\"auto\" style=\"vertical-align: inherit;\"><span dir=\"auto\" style=\"vertical-align: inherit;\">S\u00e1bado: de 8:00 a 14:00 y de 15:30 a 19:30.<\/span><\/span><\/li>\n<\/ul>\n<p><strong><span dir=\"auto\" style=\"vertical-align: inherit;\"><span dir=\"auto\" style=\"vertical-align: inherit;\">Aforo:<\/span><\/span><\/strong><\/p>\n<ul>\n<li><span dir=\"auto\" style=\"vertical-align: inherit;\"><span dir=\"auto\" style=\"vertical-align: inherit;\">Plazas: m\u00e1ximo 24 personas.<\/span><\/span><\/li>\n<\/ul>\n<p><strong><span dir=\"auto\" style=\"vertical-align: inherit;\"><span dir=\"auto\" style=\"vertical-align: inherit;\">Dirigido por:<\/span><\/span><\/strong><\/p>\n<ul>\n<li><span dir=\"auto\" style=\"vertical-align: inherit;\"><span dir=\"auto\" style=\"vertical-align: inherit;\">Fisioterapeutas.<\/span><\/span><\/li>\n<\/ul>\n<p><strong><span dir=\"auto\" style=\"vertical-align: inherit;\"><span dir=\"auto\" style=\"vertical-align: inherit;\">Ubicaci\u00f3n:<\/span><\/span><\/strong><\/p>\n<ul>\n<li><strong><span dir=\"auto\" style=\"vertical-align: inherit;\"><span dir=\"auto\" style=\"vertical-align: inherit;\">Hol\u00edstico Centro Balaguer<\/span><\/span><\/strong><\/li>\n<\/ul>\n<p><strong><span dir=\"auto\" style=\"vertical-align: inherit;\"><span dir=\"auto\" style=\"vertical-align: inherit;\">Profesor:<\/span><\/span><\/strong><\/p>\n<p><strong><span dir=\"auto\" style=\"vertical-align: inherit;\"><span dir=\"auto\" style=\"vertical-align: inherit;\">Llu\u00eds Puig<\/span><\/span><\/strong><br \/>\n<span dir=\"auto\" style=\"vertical-align: inherit;\"><span dir=\"auto\" style=\"vertical-align: inherit;\"> Graduado en Fisioterapia. <\/span><\/span><br \/>\n<span dir=\"auto\" style=\"vertical-align: inherit;\"><span dir=\"auto\" style=\"vertical-align: inherit;\">M\u00e1ster Oficial Universitario en Metodolog\u00eda de la simulaci\u00f3n aplicada a la formaci\u00f3n de profesionales de la salud y sociales. <\/span><\/span><br \/>\n<span dir=\"auto\" style=\"vertical-align: inherit;\"><span dir=\"auto\" style=\"vertical-align: inherit;\">Responsable del Servicio de Fisioterapia del Hospital Esperit Sant. <\/span><\/span><br \/>\n<span dir=\"auto\" style=\"vertical-align: inherit;\"><span dir=\"auto\" style=\"vertical-align: inherit;\">Profesor y responsable de Simulaci\u00f3n de Escuela Universitaria Gimbernat &#8211; UAB. <\/span><\/span><br \/>\n<span dir=\"auto\" style=\"vertical-align: inherit;\"><span dir=\"auto\" style=\"vertical-align: inherit;\">Miembro de la Sociedad Francesa de Reeducaci\u00f3n del Hombro (SFRE). <\/span><\/span><br \/>\n<span dir=\"auto\" style=\"vertical-align: inherit;\"><span dir=\"auto\" style=\"vertical-align: inherit;\">Formador en TM INSTITUTE en Francia y poniente en m\u00faltiples Congresos Nacionales e Internacionales. <\/span><\/span><br \/>\n<span dir=\"auto\" style=\"vertical-align: inherit;\"><span dir=\"auto\" style=\"vertical-align: inherit;\">Autor de varios libros de divulgaci\u00f3n y colaborador de algunos programas de radio y televisi\u00f3n.<\/span><\/span><\/p>\n<p><strong><span dir=\"auto\" style=\"vertical-align: inherit;\"><span dir=\"auto\" style=\"vertical-align: inherit;\">Objetivo General:<\/span><\/span><\/strong><\/p>\n<p><span dir=\"auto\" style=\"vertical-align: inherit;\"><span dir=\"auto\" style=\"vertical-align: inherit;\">En los \u00faltimos a\u00f1os, se han producido cambios importantes y evidencias cient\u00edficas en el tratamiento del hombro. <\/span><\/span><br \/>\n<span dir=\"auto\" style=\"vertical-align: inherit;\"><span dir=\"auto\" style=\"vertical-align: inherit;\">El objetivo de este curso es actualizar los conocimientos de biomec\u00e1nica, fisiopatolog\u00eda y terapia manual, <\/span><\/span><br \/>\n<span dir=\"auto\" style=\"vertical-align: inherit;\"><span dir=\"auto\" style=\"vertical-align: inherit;\">para poder realizar una correcta exploraci\u00f3n, valoraci\u00f3n y tratamiento del hombro, tanto conservador como posquir\u00fargico.<\/span><\/span><\/p>\n<p><strong><span dir=\"auto\" style=\"vertical-align: inherit;\"><span dir=\"auto\" style=\"vertical-align: inherit;\">Objetivos espec\u00edficos:<\/span><\/span><\/strong><\/p>\n<ol>\n<li><span dir=\"auto\" style=\"vertical-align: inherit;\"><span dir=\"auto\" style=\"vertical-align: inherit;\">Realizaci\u00f3n de una exploraci\u00f3n reglada (Tests, movilidad&#8230;)<\/span><\/span><\/li>\n<li><span dir=\"auto\" style=\"vertical-align: inherit;\"><span dir=\"auto\" style=\"vertical-align: inherit;\">Reconocer las diferentes lesiones del hombro.<\/span><\/span><\/li>\n<li><span dir=\"auto\" style=\"vertical-align: inherit;\"><span dir=\"auto\" style=\"vertical-align: inherit;\">Detectar los descentrajes del hombro.<\/span><\/span><\/li>\n<li><span dir=\"auto\" style=\"vertical-align: inherit;\"><span dir=\"auto\" style=\"vertical-align: inherit;\">Ense\u00f1ar las t\u00e9cnicas de correcci\u00f3n de los descentrajes.<\/span><\/span><\/li>\n<li><span dir=\"auto\" style=\"vertical-align: inherit;\"><span dir=\"auto\" style=\"vertical-align: inherit;\">Invitar al asistente a elaborar una hoja de exploraci\u00f3n.<\/span><\/span><\/li>\n<li><span dir=\"auto\" style=\"vertical-align: inherit;\"><span dir=\"auto\" style=\"vertical-align: inherit;\">Conocer las diferentes t\u00e9cnicas quir\u00fargicas y saber las estrategias de tratamiento postquir\u00fargico.<\/span><\/span><\/li>\n<\/ol>\n<p><strong><span dir=\"auto\" style=\"vertical-align: inherit;\"><span dir=\"auto\" style=\"vertical-align: inherit;\">Necesidades a que responde el Curso:<\/span><\/span><\/strong><\/p>\n<p><span dir=\"auto\" style=\"vertical-align: inherit;\"><span dir=\"auto\" style=\"vertical-align: inherit;\">Para poder realizar un buen tratamiento del hombro es necesario tener un buen diagn\u00f3stico de fisioterapia. <\/span><\/span><br \/>\n<span dir=\"auto\" style=\"vertical-align: inherit;\"><span dir=\"auto\" style=\"vertical-align: inherit;\">Es muy importante poder obtener el m\u00e1ximo de informaci\u00f3n del paciente, saber realizar una exploraci\u00f3n espec\u00edfica <\/span><\/span><br \/>\n<span dir=\"auto\" style=\"vertical-align: inherit;\"><span dir=\"auto\" style=\"vertical-align: inherit;\">ya su vez global del hombro es b\u00e1sico. As\u00ed como, saber las t\u00e9cnicas de tratamiento de \u00e9ste, <\/span><\/span><br \/>\n<span dir=\"auto\" style=\"vertical-align: inherit;\"><span dir=\"auto\" style=\"vertical-align: inherit;\">para que el resultado final sea un \u00e9xito.<\/span><\/span><\/p>\n<p><strong><span dir=\"auto\" style=\"vertical-align: inherit;\"><span dir=\"auto\" style=\"vertical-align: inherit;\">Programa Curso de Hombro:<\/span><\/span><\/strong><\/p>\n<ul>\n<li><strong><span dir=\"auto\" style=\"vertical-align: inherit;\"><span dir=\"auto\" style=\"vertical-align: inherit;\">Introducci\u00f3n:<\/span><\/span><\/strong>\n<ul>\n<li><span dir=\"auto\" style=\"vertical-align: inherit;\"><span dir=\"auto\" style=\"vertical-align: inherit;\">Afecciones del hombro: degenerativas y traum\u00e1ticas.<\/span><\/span><\/li>\n<li><span dir=\"auto\" style=\"vertical-align: inherit;\"><span dir=\"auto\" style=\"vertical-align: inherit;\">Evoluci\u00f3n en el diagn\u00f3stico y t\u00e9cnicas quir\u00fargicas.<\/span><\/span><\/li>\n<li><span dir=\"auto\" style=\"vertical-align: inherit;\"><span dir=\"auto\" style=\"vertical-align: inherit;\">Principios de reeducaci\u00f3n del hombro.<\/span><\/span><\/li>\n<\/ul>\n<\/li>\n<li><strong><span dir=\"auto\" style=\"vertical-align: inherit;\"><span dir=\"auto\" style=\"vertical-align: inherit;\">Lesiones degenerativas \/ Tratamientos:<\/span><\/span><\/strong>\n<ul>\n<li><span dir=\"auto\" style=\"vertical-align: inherit;\"><span dir=\"auto\" style=\"vertical-align: inherit;\">Lesiones producidas por hipersolicitaci\u00f3n (tendinopat\u00edas del manguito y del b\u00edceps, afectaci\u00f3n de la articulaci\u00f3n acromioclavicular).<\/span><\/span><\/li>\n<li><span dir=\"auto\" style=\"vertical-align: inherit;\"><span dir=\"auto\" style=\"vertical-align: inherit;\">Microinestabilidad previa: lesiones del labrum (SLAP), contexto de hiperlaxitud (AMBRI).<\/span><\/span><\/li>\n<li><span dir=\"auto\" style=\"vertical-align: inherit;\"><span dir=\"auto\" style=\"vertical-align: inherit;\">Postoperatorio de cirug\u00eda artrosc\u00f3pica: manguito rotador, inestabilidades y lesiones SLAP.<\/span><\/span><\/li>\n<li>Postquir\u00fargic de la cirurgia a cel obert: maniguet i inestabilitats.<\/li>\n<\/ul>\n<\/li>\n<li><strong><span dir=\"auto\" style=\"vertical-align: inherit;\"><span dir=\"auto\" style=\"vertical-align: inherit;\">Lesiones traum\u00e1ticas \/ Tratamientos:<\/span><\/span><\/strong>\n<ul>\n<li><span dir=\"auto\" style=\"vertical-align: inherit;\"><span dir=\"auto\" style=\"vertical-align: inherit;\">Inestabilidad anterior traum\u00e1tica (TUBS).<\/span><\/span><\/li>\n<li><span dir=\"auto\" style=\"vertical-align: inherit;\"><span dir=\"auto\" style=\"vertical-align: inherit;\">Fracturas: placas, osteos\u00edntesis y pr\u00f3tesis.<\/span><\/span><\/li>\n<li>Tractament postquir\u00fargic de la cirurgia prot\u00e8tica:\n<ul>\n<li><span dir=\"auto\" style=\"vertical-align: inherit;\"><span dir=\"auto\" style=\"vertical-align: inherit;\">Pr\u00f3tesis anat\u00f3micas.<\/span><\/span><\/li>\n<li><span dir=\"auto\" style=\"vertical-align: inherit;\"><span dir=\"auto\" style=\"vertical-align: inherit;\">Pr\u00f3tesis invertidas.<\/span><\/span><\/li>\n<\/ul>\n<\/li>\n<\/ul>\n<\/li>\n<\/ul>\n<p><span dir=\"auto\" style=\"vertical-align: inherit;\"><span dir=\"auto\" style=\"vertical-align: inherit;\">Para m\u00e1s informaci\u00f3n, contacte al tel\u00e9fono 625442244 o al correo electr\u00f3nico <\/span><\/span><br \/>\n<a href=\"mailto:formacions@holisticcentre.es\"><span dir=\"auto\" style=\"vertical-align: inherit;\"><span dir=\"auto\" style=\"vertical-align: inherit;\">formacions@holisticcentre.es<\/span><\/span><\/a><span dir=\"auto\" style=\"vertical-align: inherit;\"><span dir=\"auto\" style=\"vertical-align: inherit;\"> .<\/span><\/span><\/p>\n","protected":false},"featured_media":1874,"comment_status":"open","ping_status":"closed","template":"","meta":[],"product_brand":[],"product_cat":[40],"product_tag":[],"class_list":{"0":"post-1868","1":"product","2":"type-product","3":"status-publish","4":"has-post-thumbnail","6":"product_cat-sin-categorizar","7":"product-grid-view","9":"first","10":"outofstock","11":"virtual","12":"sold-individually","13":"purchasable","14":"product-type-simple"},"yoast_head":"<!-- This site is optimized with the Yoast SEO plugin v26.0 - https:\/\/yoast.com\/wordpress\/plugins\/seo\/ -->\n<title>CURSO MONOGR\u00c1FICO DE HOMBRO (REALIZADO) - Holistic Centre<\/title>\n<meta name=\"robots\" content=\"index, follow, max-snippet:-1, max-image-preview:large, max-video-preview:-1\" \/>\n<link rel=\"canonical\" href=\"https:\/\/holisticcentre.es\/es\/producto\/curso-monografico-hombro\/\" \/>\n<meta property=\"og:locale\" content=\"es_ES\" \/>\n<meta property=\"og:type\" content=\"article\" \/>\n<meta property=\"og:title\" content=\"CURSO MONOGR\u00c1FICO DE HOMBRO (REALIZADO) - Holistic Centre\" \/>\n<meta property=\"og:description\" content=\"Fechas: 10 i 11 de Octubre.  Precio:   240 euros.  Horario:   Viernes: 9:00 a 14:00 y de 15:30 a 20:30.  S\u00e1bado: de 8:00 a 14:00 y de 15:30 a 19:30.  Aforo:   Plazas: m\u00e1ximo 24 personas.  Dirigido por:   Fisioterapeutas.  Ubicaci\u00f3n:   Hol\u00edstico Centro Balaguer  Profesor:  Llu\u00eds Puig  Graduado en Fisioterapia.  M\u00e1ster Oficial Universitario en Metodolog\u00eda de la simulaci\u00f3n aplicada a la formaci\u00f3n de profesionales de la salud y sociales.  Responsable del Servicio de Fisioterapia del Hospital Esperit Sant.  Profesor y responsable de Simulaci\u00f3n de Escuela Universitaria Gimbernat - UAB.  Miembro de la Sociedad Francesa de Reeducaci\u00f3n del Hombro (SFRE).  Formador en TM INSTITUTE en Francia y poniente en m\u00faltiples Congresos Nacionales e Internacionales.  Autor de varios libros de divulgaci\u00f3n y colaborador de algunos programas de radio y televisi\u00f3n.  Objetivo General:  En los \u00faltimos a\u00f1os, se han producido cambios importantes y evidencias cient\u00edficas en el tratamiento del hombro.  El objetivo de este curso es actualizar los conocimientos de biomec\u00e1nica, fisiopatolog\u00eda y terapia manual,  para poder realizar una correcta exploraci\u00f3n, valoraci\u00f3n y tratamiento del hombro, tanto conservador como posquir\u00fargico.  Objetivos espec\u00edficos:   Realizaci\u00f3n de una exploraci\u00f3n reglada (Tests, movilidad...)  Reconocer las diferentes lesiones del hombro.  Detectar los descentrajes del hombro.  Ense\u00f1ar las t\u00e9cnicas de correcci\u00f3n de los descentrajes.  Invitar al asistente a elaborar una hoja de exploraci\u00f3n.  Conocer las diferentes t\u00e9cnicas quir\u00fargicas y saber las estrategias de tratamiento postquir\u00fargico.  Necesidades a que responde el Curso:  Para poder realizar un buen tratamiento del hombro es necesario tener un buen diagn\u00f3stico de fisioterapia.  Es muy importante poder obtener el m\u00e1ximo de informaci\u00f3n del paciente, saber realizar una exploraci\u00f3n espec\u00edfica  ya su vez global del hombro es b\u00e1sico. As\u00ed como, saber las t\u00e9cnicas de tratamiento de \u00e9ste,  para que el resultado final sea un \u00e9xito.  Programa Curso de Hombro:   Introducci\u00f3n:   Afecciones del hombro: degenerativas y traum\u00e1ticas.  Evoluci\u00f3n en el diagn\u00f3stico y t\u00e9cnicas quir\u00fargicas.  Principios de reeducaci\u00f3n del hombro.    Lesiones degenerativas \/ Tratamientos:   Lesiones producidas por hipersolicitaci\u00f3n (tendinopat\u00edas del manguito y del b\u00edceps, afectaci\u00f3n de la articulaci\u00f3n acromioclavicular).  Microinestabilidad previa: lesiones del labrum (SLAP), contexto de hiperlaxitud (AMBRI).  Postoperatorio de cirug\u00eda artrosc\u00f3pica: manguito rotador, inestabilidades y lesiones SLAP.  Postquir\u00fargic de la cirurgia a cel obert: maniguet i inestabilitats.    Lesiones traum\u00e1ticas \/ Tratamientos:   Inestabilidad anterior traum\u00e1tica (TUBS).  Fracturas: placas, osteos\u00edntesis y pr\u00f3tesis.  Tractament postquir\u00fargic de la cirurgia prot\u00e8tica:   Pr\u00f3tesis anat\u00f3micas.  Pr\u00f3tesis invertidas.      Para m\u00e1s informaci\u00f3n, contacte al tel\u00e9fono 625442244 o al correo electr\u00f3nico  formacions@holisticcentre.es .\" \/>\n<meta property=\"og:url\" content=\"https:\/\/holisticcentre.es\/es\/producto\/curso-monografico-hombro\/\" \/>\n<meta property=\"og:site_name\" content=\"Holistic Centre\" \/>\n<meta property=\"article:modified_time\" content=\"2025-11-06T08:59:22+00:00\" \/>\n<meta property=\"og:image\" content=\"https:\/\/holisticcentre.es\/wp-content\/uploads\/2025\/08\/WhatsApp-Image-2025-08-28-at-20.20.31.jpeg\" \/>\n\t<meta property=\"og:image:width\" content=\"1080\" \/>\n\t<meta property=\"og:image:height\" content=\"1350\" \/>\n\t<meta property=\"og:image:type\" content=\"image\/jpeg\" \/>\n<meta name=\"twitter:card\" content=\"summary_large_image\" \/>\n<meta name=\"twitter:label1\" content=\"Tiempo de lectura\" \/>\n\t<meta name=\"twitter:data1\" content=\"1 minuto\" \/>\n<script type=\"application\/ld+json\" class=\"yoast-schema-graph\">{\"@context\":\"https:\/\/schema.org\",\"@graph\":[{\"@type\":\"WebPage\",\"@id\":\"https:\/\/holisticcentre.es\/es\/producto\/curso-monografico-hombro\/\",\"url\":\"https:\/\/holisticcentre.es\/es\/producto\/curso-monografico-hombro\/\",\"name\":\"CURSO MONOGR\u00c1FICO DE HOMBRO (REALIZADO) - Holistic Centre\",\"isPartOf\":{\"@id\":\"https:\/\/holisticcentre.es\/es\/#website\"},\"primaryImageOfPage\":{\"@id\":\"https:\/\/holisticcentre.es\/es\/producto\/curso-monografico-hombro\/#primaryimage\"},\"image\":{\"@id\":\"https:\/\/holisticcentre.es\/es\/producto\/curso-monografico-hombro\/#primaryimage\"},\"thumbnailUrl\":\"https:\/\/holisticcentre.es\/wp-content\/uploads\/2025\/08\/WhatsApp-Image-2025-08-28-at-20.20.31.jpeg\",\"datePublished\":\"2025-08-26T14:57:11+00:00\",\"dateModified\":\"2025-11-06T08:59:22+00:00\",\"breadcrumb\":{\"@id\":\"https:\/\/holisticcentre.es\/es\/producto\/curso-monografico-hombro\/#breadcrumb\"},\"inLanguage\":\"es\",\"potentialAction\":[{\"@type\":\"ReadAction\",\"target\":[\"https:\/\/holisticcentre.es\/es\/producto\/curso-monografico-hombro\/\"]}]},{\"@type\":\"ImageObject\",\"inLanguage\":\"es\",\"@id\":\"https:\/\/holisticcentre.es\/es\/producto\/curso-monografico-hombro\/#primaryimage\",\"url\":\"https:\/\/holisticcentre.es\/wp-content\/uploads\/2025\/08\/WhatsApp-Image-2025-08-28-at-20.20.31.jpeg\",\"contentUrl\":\"https:\/\/holisticcentre.es\/wp-content\/uploads\/2025\/08\/WhatsApp-Image-2025-08-28-at-20.20.31.jpeg\",\"width\":1080,\"height\":1350},{\"@type\":\"BreadcrumbList\",\"@id\":\"https:\/\/holisticcentre.es\/es\/producto\/curso-monografico-hombro\/#breadcrumb\",\"itemListElement\":[{\"@type\":\"ListItem\",\"position\":1,\"name\":\"Home\",\"item\":\"https:\/\/holisticcentre.es\/es\/\"},{\"@type\":\"ListItem\",\"position\":2,\"name\":\"Formaciones\",\"item\":\"https:\/\/holisticcentre.es\/es\/formaciones\/\"},{\"@type\":\"ListItem\",\"position\":3,\"name\":\"CURSO MONOGR\u00c1FICO DE HOMBRO (REALIZADO)\"}]},{\"@type\":\"WebSite\",\"@id\":\"https:\/\/holisticcentre.es\/es\/#website\",\"url\":\"https:\/\/holisticcentre.es\/es\/\",\"name\":\"Holistic Centre\",\"description\":\"\",\"potentialAction\":[{\"@type\":\"SearchAction\",\"target\":{\"@type\":\"EntryPoint\",\"urlTemplate\":\"https:\/\/holisticcentre.es\/es\/?s={search_term_string}\"},\"query-input\":{\"@type\":\"PropertyValueSpecification\",\"valueRequired\":true,\"valueName\":\"search_term_string\"}}],\"inLanguage\":\"es\"}]}<\/script>\n<!-- \/ Yoast SEO plugin. -->","yoast_head_json":{"title":"CURSO MONOGR\u00c1FICO DE HOMBRO (REALIZADO) - Holistic Centre","robots":{"index":"index","follow":"follow","max-snippet":"max-snippet:-1","max-image-preview":"max-image-preview:large","max-video-preview":"max-video-preview:-1"},"canonical":"https:\/\/holisticcentre.es\/es\/producto\/curso-monografico-hombro\/","og_locale":"es_ES","og_type":"article","og_title":"CURSO MONOGR\u00c1FICO DE HOMBRO (REALIZADO) - Holistic Centre","og_description":"Fechas: 10 i 11 de Octubre.  Precio:   240 euros.  Horario:   Viernes: 9:00 a 14:00 y de 15:30 a 20:30.  S\u00e1bado: de 8:00 a 14:00 y de 15:30 a 19:30.  Aforo:   Plazas: m\u00e1ximo 24 personas.  Dirigido por:   Fisioterapeutas.  Ubicaci\u00f3n:   Hol\u00edstico Centro Balaguer  Profesor:  Llu\u00eds Puig  Graduado en Fisioterapia.  M\u00e1ster Oficial Universitario en Metodolog\u00eda de la simulaci\u00f3n aplicada a la formaci\u00f3n de profesionales de la salud y sociales.  Responsable del Servicio de Fisioterapia del Hospital Esperit Sant.  Profesor y responsable de Simulaci\u00f3n de Escuela Universitaria Gimbernat - UAB.  Miembro de la Sociedad Francesa de Reeducaci\u00f3n del Hombro (SFRE).  Formador en TM INSTITUTE en Francia y poniente en m\u00faltiples Congresos Nacionales e Internacionales.  Autor de varios libros de divulgaci\u00f3n y colaborador de algunos programas de radio y televisi\u00f3n.  Objetivo General:  En los \u00faltimos a\u00f1os, se han producido cambios importantes y evidencias cient\u00edficas en el tratamiento del hombro.  El objetivo de este curso es actualizar los conocimientos de biomec\u00e1nica, fisiopatolog\u00eda y terapia manual,  para poder realizar una correcta exploraci\u00f3n, valoraci\u00f3n y tratamiento del hombro, tanto conservador como posquir\u00fargico.  Objetivos espec\u00edficos:   Realizaci\u00f3n de una exploraci\u00f3n reglada (Tests, movilidad...)  Reconocer las diferentes lesiones del hombro.  Detectar los descentrajes del hombro.  Ense\u00f1ar las t\u00e9cnicas de correcci\u00f3n de los descentrajes.  Invitar al asistente a elaborar una hoja de exploraci\u00f3n.  Conocer las diferentes t\u00e9cnicas quir\u00fargicas y saber las estrategias de tratamiento postquir\u00fargico.  Necesidades a que responde el Curso:  Para poder realizar un buen tratamiento del hombro es necesario tener un buen diagn\u00f3stico de fisioterapia.  Es muy importante poder obtener el m\u00e1ximo de informaci\u00f3n del paciente, saber realizar una exploraci\u00f3n espec\u00edfica  ya su vez global del hombro es b\u00e1sico. As\u00ed como, saber las t\u00e9cnicas de tratamiento de \u00e9ste,  para que el resultado final sea un \u00e9xito.  Programa Curso de Hombro:   Introducci\u00f3n:   Afecciones del hombro: degenerativas y traum\u00e1ticas.  Evoluci\u00f3n en el diagn\u00f3stico y t\u00e9cnicas quir\u00fargicas.  Principios de reeducaci\u00f3n del hombro.    Lesiones degenerativas \/ Tratamientos:   Lesiones producidas por hipersolicitaci\u00f3n (tendinopat\u00edas del manguito y del b\u00edceps, afectaci\u00f3n de la articulaci\u00f3n acromioclavicular).  Microinestabilidad previa: lesiones del labrum (SLAP), contexto de hiperlaxitud (AMBRI).  Postoperatorio de cirug\u00eda artrosc\u00f3pica: manguito rotador, inestabilidades y lesiones SLAP.  Postquir\u00fargic de la cirurgia a cel obert: maniguet i inestabilitats.    Lesiones traum\u00e1ticas \/ Tratamientos:   Inestabilidad anterior traum\u00e1tica (TUBS).  Fracturas: placas, osteos\u00edntesis y pr\u00f3tesis.  Tractament postquir\u00fargic de la cirurgia prot\u00e8tica:   Pr\u00f3tesis anat\u00f3micas.  Pr\u00f3tesis invertidas.      Para m\u00e1s informaci\u00f3n, contacte al tel\u00e9fono 625442244 o al correo electr\u00f3nico  formacions@holisticcentre.es .","og_url":"https:\/\/holisticcentre.es\/es\/producto\/curso-monografico-hombro\/","og_site_name":"Holistic Centre","article_modified_time":"2025-11-06T08:59:22+00:00","og_image":[{"width":1080,"height":1350,"url":"https:\/\/holisticcentre.es\/wp-content\/uploads\/2025\/08\/WhatsApp-Image-2025-08-28-at-20.20.31.jpeg","type":"image\/jpeg"}],"twitter_card":"summary_large_image","twitter_misc":{"Tiempo de lectura":"1 minuto"},"schema":{"@context":"https:\/\/schema.org","@graph":[{"@type":"WebPage","@id":"https:\/\/holisticcentre.es\/es\/producto\/curso-monografico-hombro\/","url":"https:\/\/holisticcentre.es\/es\/producto\/curso-monografico-hombro\/","name":"CURSO MONOGR\u00c1FICO DE HOMBRO (REALIZADO) - Holistic Centre","isPartOf":{"@id":"https:\/\/holisticcentre.es\/es\/#website"},"primaryImageOfPage":{"@id":"https:\/\/holisticcentre.es\/es\/producto\/curso-monografico-hombro\/#primaryimage"},"image":{"@id":"https:\/\/holisticcentre.es\/es\/producto\/curso-monografico-hombro\/#primaryimage"},"thumbnailUrl":"https:\/\/holisticcentre.es\/wp-content\/uploads\/2025\/08\/WhatsApp-Image-2025-08-28-at-20.20.31.jpeg","datePublished":"2025-08-26T14:57:11+00:00","dateModified":"2025-11-06T08:59:22+00:00","breadcrumb":{"@id":"https:\/\/holisticcentre.es\/es\/producto\/curso-monografico-hombro\/#breadcrumb"},"inLanguage":"es","potentialAction":[{"@type":"ReadAction","target":["https:\/\/holisticcentre.es\/es\/producto\/curso-monografico-hombro\/"]}]},{"@type":"ImageObject","inLanguage":"es","@id":"https:\/\/holisticcentre.es\/es\/producto\/curso-monografico-hombro\/#primaryimage","url":"https:\/\/holisticcentre.es\/wp-content\/uploads\/2025\/08\/WhatsApp-Image-2025-08-28-at-20.20.31.jpeg","contentUrl":"https:\/\/holisticcentre.es\/wp-content\/uploads\/2025\/08\/WhatsApp-Image-2025-08-28-at-20.20.31.jpeg","width":1080,"height":1350},{"@type":"BreadcrumbList","@id":"https:\/\/holisticcentre.es\/es\/producto\/curso-monografico-hombro\/#breadcrumb","itemListElement":[{"@type":"ListItem","position":1,"name":"Home","item":"https:\/\/holisticcentre.es\/es\/"},{"@type":"ListItem","position":2,"name":"Formaciones","item":"https:\/\/holisticcentre.es\/es\/formaciones\/"},{"@type":"ListItem","position":3,"name":"CURSO MONOGR\u00c1FICO DE HOMBRO (REALIZADO)"}]},{"@type":"WebSite","@id":"https:\/\/holisticcentre.es\/es\/#website","url":"https:\/\/holisticcentre.es\/es\/","name":"Holistic Centre","description":"","potentialAction":[{"@type":"SearchAction","target":{"@type":"EntryPoint","urlTemplate":"https:\/\/holisticcentre.es\/es\/?s={search_term_string}"},"query-input":{"@type":"PropertyValueSpecification","valueRequired":true,"valueName":"search_term_string"}}],"inLanguage":"es"}]}},"_links":{"self":[{"href":"https:\/\/holisticcentre.es\/es\/wp-json\/wp\/v2\/product\/1868","targetHints":{"allow":["GET"]}}],"collection":[{"href":"https:\/\/holisticcentre.es\/es\/wp-json\/wp\/v2\/product"}],"about":[{"href":"https:\/\/holisticcentre.es\/es\/wp-json\/wp\/v2\/types\/product"}],"replies":[{"embeddable":true,"href":"https:\/\/holisticcentre.es\/es\/wp-json\/wp\/v2\/comments?post=1868"}],"wp:featuredmedia":[{"embeddable":true,"href":"https:\/\/holisticcentre.es\/es\/wp-json\/wp\/v2\/media\/1874"}],"wp:attachment":[{"href":"https:\/\/holisticcentre.es\/es\/wp-json\/wp\/v2\/media?parent=1868"}],"wp:term":[{"taxonomy":"product_brand","embeddable":true,"href":"https:\/\/holisticcentre.es\/es\/wp-json\/wp\/v2\/product_brand?post=1868"},{"taxonomy":"product_cat","embeddable":true,"href":"https:\/\/holisticcentre.es\/es\/wp-json\/wp\/v2\/product_cat?post=1868"},{"taxonomy":"product_tag","embeddable":true,"href":"https:\/\/holisticcentre.es\/es\/wp-json\/wp\/v2\/product_tag?post=1868"}],"curies":[{"name":"wp","href":"https:\/\/api.w.org\/{rel}","templated":true}]}}