{"id":1870,"date":"2025-08-26T17:02:49","date_gmt":"2025-08-26T15:02:49","guid":{"rendered":"https:\/\/holisticcentre.es\/?post_type=product&#038;p=1870"},"modified":"2025-12-04T15:11:11","modified_gmt":"2025-12-04T14:11:11","slug":"curso-atm-y-sus-relaciones-funcionales","status":"publish","type":"product","link":"https:\/\/holisticcentre.es\/es\/producto\/curso-atm-y-sus-relaciones-funcionales\/","title":{"rendered":"Curso ATM y sus relaciones funcionales (NIVEL 1) (REALIZADO)"},"content":{"rendered":"","protected":false},"excerpt":{"rendered":"<p><strong><span dir=\"auto\" style=\"vertical-align: inherit;\"><span dir=\"auto\" style=\"vertical-align: inherit;\">Fechas:<\/span><\/span><\/strong><span dir=\"auto\" style=\"vertical-align: inherit;\"><span dir=\"auto\" style=\"vertical-align: inherit;\"> 29 y 30 de noviembre.<\/span><\/span><\/p>\n<p><strong><span dir=\"auto\" style=\"vertical-align: inherit;\"><span dir=\"auto\" style=\"vertical-align: inherit;\">Precio:<\/span><\/span><\/strong><\/p>\n<ul>\n<li><span dir=\"auto\" style=\"vertical-align: inherit;\"><span dir=\"auto\" style=\"vertical-align: inherit;\">240 euros.<\/span><\/span><\/li>\n<\/ul>\n<p><strong><span dir=\"auto\" style=\"vertical-align: inherit;\"><span dir=\"auto\" style=\"vertical-align: inherit;\">Horas totales:<\/span><\/span><\/strong><\/p>\n<ul>\n<li><span dir=\"auto\" style=\"vertical-align: inherit;\"><span dir=\"auto\" style=\"vertical-align: inherit;\">20 horas.<\/span><\/span><\/li>\n<\/ul>\n<p><strong><span dir=\"auto\" style=\"vertical-align: inherit;\"><span dir=\"auto\" style=\"vertical-align: inherit;\">Nivel:<\/span><\/span><\/strong><\/p>\n<ul>\n<li><span dir=\"auto\" style=\"vertical-align: inherit;\"><span dir=\"auto\" style=\"vertical-align: inherit;\">Nivel 1. Esta formaci\u00f3n est\u00e1 dise\u00f1ada en dos niveles. Con este curso, los alumnos realizan el primer nivel, imprescindible para poder acceder al siguiente.<\/span><\/span><\/li>\n<\/ul>\n<p><strong><span dir=\"auto\" style=\"vertical-align: inherit;\"><span dir=\"auto\" style=\"vertical-align: inherit;\">Horario:<\/span><\/span><\/strong><\/p>\n<ul>\n<li><span dir=\"auto\" style=\"vertical-align: inherit;\"><span dir=\"auto\" style=\"vertical-align: inherit;\">S\u00e1bado: 9:00 a 14:00 y de 15:30 a 20:30.<\/span><\/span><\/li>\n<li><span dir=\"auto\" style=\"vertical-align: inherit;\"><span dir=\"auto\" style=\"vertical-align: inherit;\">Domingo: de 8:00 a 14:00 y de 15:30 a 19:30.<\/span><\/span><\/li>\n<\/ul>\n<p><strong><span dir=\"auto\" style=\"vertical-align: inherit;\"><span dir=\"auto\" style=\"vertical-align: inherit;\">Aforo:<\/span><\/span><\/strong><\/p>\n<ul>\n<li><span dir=\"auto\" style=\"vertical-align: inherit;\"><span dir=\"auto\" style=\"vertical-align: inherit;\">Plazas: m\u00e1ximo 20 personas.<\/span><\/span><\/li>\n<\/ul>\n<p><strong><span dir=\"auto\" style=\"vertical-align: inherit;\"><span dir=\"auto\" style=\"vertical-align: inherit;\">Dirigido por:<\/span><\/span><\/strong><\/p>\n<ul>\n<li><span dir=\"auto\" style=\"vertical-align: inherit;\"><span dir=\"auto\" style=\"vertical-align: inherit;\">Fisioterapeutas.<\/span><\/span><\/li>\n<\/ul>\n<p><strong><span dir=\"auto\" style=\"vertical-align: inherit;\"><span dir=\"auto\" style=\"vertical-align: inherit;\">Idioma:<\/span><\/span><\/strong><\/p>\n<ul>\n<li><span dir=\"auto\" style=\"vertical-align: inherit;\"><span dir=\"auto\" style=\"vertical-align: inherit;\">Espa\u00f1ol.<\/span><\/span><\/li>\n<\/ul>\n<p><strong><span dir=\"auto\" style=\"vertical-align: inherit;\"><span dir=\"auto\" style=\"vertical-align: inherit;\">Ubicaci\u00f3n:<\/span><\/span><\/strong><\/p>\n<ul>\n<li><strong><span dir=\"auto\" style=\"vertical-align: inherit;\"><span dir=\"auto\" style=\"vertical-align: inherit;\">Hol\u00edstico Centro Balaguer<\/span><\/span><\/strong><\/li>\n<\/ul>\n<p><strong><span dir=\"auto\" style=\"vertical-align: inherit;\"><span dir=\"auto\" style=\"vertical-align: inherit;\">Profesor:<\/span><\/span><\/strong><\/p>\n<p><strong><span dir=\"auto\" style=\"vertical-align: inherit;\"><span dir=\"auto\" style=\"vertical-align: inherit;\">Dr. Jorge Rodrigo Rodr\u00edguez<\/span><\/span><\/strong><br \/>\n<span dir=\"auto\" style=\"vertical-align: inherit;\"><span dir=\"auto\" style=\"vertical-align: inherit;\"> Prof. Titular de Universidad (UCLM). <\/span><\/span><br \/>\n<span dir=\"auto\" style=\"vertical-align: inherit;\"><span dir=\"auto\" style=\"vertical-align: inherit;\">Especialista en Acupuntura y Fisioterapia Invasiva. <\/span><\/span><br \/>\n<span dir=\"auto\" style=\"vertical-align: inherit;\"><span dir=\"auto\" style=\"vertical-align: inherit;\">Especialista en Terapia Manual y Osteopat\u00eda.<\/span><\/span><\/p>\n<p><strong><span dir=\"auto\" style=\"vertical-align: inherit;\"><span dir=\"auto\" style=\"vertical-align: inherit;\">Objetivos y metodolog\u00eda:<\/span><\/span><\/strong><\/p>\n<ul>\n<li><span dir=\"auto\" style=\"vertical-align: inherit;\"><span dir=\"auto\" style=\"vertical-align: inherit;\">Detectar el vac\u00edo en la formaci\u00f3n de fisioterapeutas en disfunci\u00f3n craneomandibular.<\/span><\/span><\/li>\n<li><span dir=\"auto\" style=\"vertical-align: inherit;\"><span dir=\"auto\" style=\"vertical-align: inherit;\">Respuesta a la demanda de odont\u00f3logos, cirujanos maxilofaciales y fisioterapeutas.<\/span><\/span><\/li>\n<li><span dir=\"auto\" style=\"vertical-align: inherit;\"><span dir=\"auto\" style=\"vertical-align: inherit;\">Enfoque te\u00f3rico-pr\u00e1ctico (40% teor\u00eda, 60% pr\u00e1ctica).<\/span><\/span><\/li>\n<li><span dir=\"auto\" style=\"vertical-align: inherit;\"><span dir=\"auto\" style=\"vertical-align: inherit;\">Metodolog\u00eda: lecciones magistrales, presentaciones, v\u00eddeos, modelos anat\u00f3micos, pr\u00e1cticas entre alumnos y, si es posible, pacientes reales.<\/span><\/span><\/li>\n<\/ul>\n<p><strong><span dir=\"auto\" style=\"vertical-align: inherit;\"><span dir=\"auto\" style=\"vertical-align: inherit;\">Temari:<\/span><\/span><\/strong><\/p>\n<ol>\n<li><span dir=\"auto\" style=\"vertical-align: inherit;\"><span dir=\"auto\" style=\"vertical-align: inherit;\">Introducci\u00f3n a la fisioterapia de la ATM: sistema estomatogn\u00e1tico, disfunci\u00f3n craneomandibular, maloclusi\u00f3n y tratamiento, relaci\u00f3n con cirug\u00eda maxilofacial, postura y oclusi\u00f3n.<\/span><\/span><\/li>\n<li><span dir=\"auto\" style=\"vertical-align: inherit;\"><span dir=\"auto\" style=\"vertical-align: inherit;\">Anatom\u00eda y fisiolog\u00eda orofacial y de la ATM: c\u00f3ndilo, temporal, disco, c\u00e1psula, ligamentos, musculatura e inervaci\u00f3n. Relaci\u00f3n con otros segmentos corporales. Biomec\u00e1nica.<\/span><\/span><\/li>\n<li><span dir=\"auto\" style=\"vertical-align: inherit;\"><span dir=\"auto\" style=\"vertical-align: inherit;\">Patomec\u00e1nica de la ATM y diagn\u00f3stico funcional: maloclusi\u00f3n, patolog\u00edas sist\u00e9micas, disco articular, diagn\u00f3stico fisioterap\u00e9utico (radiolog\u00eda, inspecci\u00f3n, palpaci\u00f3n, movilidad, orientaci\u00f3n terap\u00e9utica).<\/span><\/span><\/li>\n<li><span dir=\"auto\" style=\"vertical-align: inherit;\"><span dir=\"auto\" style=\"vertical-align: inherit;\">Posturolog\u00eda y fisioterapia convencional aplicada a la ATM: cadenas musculares, columna, cinesiterapia, electroterapia y agentes f\u00edsicos.<\/span><\/span><\/li>\n<li><span dir=\"auto\" style=\"vertical-align: inherit;\"><span dir=\"auto\" style=\"vertical-align: inherit;\">Fisioterapia manual ATM: terapia manual ortop\u00e9dica, manipulaciones intra y extraarticulares, espacio suboccipital.<\/span><\/span><\/li>\n<li><span dir=\"auto\" style=\"vertical-align: inherit;\"><span dir=\"auto\" style=\"vertical-align: inherit;\">S\u00edndrome de dolor miofascial: masoterapia, inhibici\u00f3n postisqu\u00e9mica, cold spray &amp; stretch, t\u00e9cnica invasiva por musculatura masticatoria.<\/span><\/span><\/li>\n<li><span dir=\"auto\" style=\"vertical-align: inherit;\"><span dir=\"auto\" style=\"vertical-align: inherit;\">Terapias fasciales: trabajo miofascial en musculatura de cara y cuello, huesos craneofaciales y membranas transversales.<\/span><\/span><\/li>\n<li><span dir=\"auto\" style=\"vertical-align: inherit;\"><span dir=\"auto\" style=\"vertical-align: inherit;\">Farmacolog\u00eda y farmacoterapia: analg\u00e9sicos, antiinflamatorios y relajantes musculares.<\/span><\/span><\/li>\n<\/ol>\n<p><span dir=\"auto\" style=\"vertical-align: inherit;\"><span dir=\"auto\" style=\"vertical-align: inherit;\">Para m\u00e1s informaci\u00f3n, contacte al tel\u00e9fono 625442244 o al correo electr\u00f3nico <\/span><\/span><br \/>\n<a href=\"mailto:formacions@holisticcentre.es\"><span dir=\"auto\" style=\"vertical-align: inherit;\"><span dir=\"auto\" style=\"vertical-align: inherit;\">formacions@holisticcentre.es<\/span><\/span><\/a><span dir=\"auto\" style=\"vertical-align: inherit;\"><span dir=\"auto\" style=\"vertical-align: inherit;\"> .<\/span><\/span><\/p>\n","protected":false},"featured_media":1880,"comment_status":"open","ping_status":"closed","template":"","meta":[],"product_brand":[],"product_cat":[40],"product_tag":[],"class_list":{"0":"post-1870","1":"product","2":"type-product","3":"status-publish","4":"has-post-thumbnail","6":"product_cat-sin-categorizar","7":"product-grid-view","9":"first","10":"outofstock","11":"virtual","12":"sold-individually","13":"purchasable","14":"product-type-simple"},"yoast_head":"<!-- This site is optimized with the Yoast SEO plugin v26.0 - https:\/\/yoast.com\/wordpress\/plugins\/seo\/ -->\n<title>Curso ATM y sus relaciones funcionales (NIVEL 1) (REALIZADO) - Holistic Centre<\/title>\n<meta name=\"robots\" content=\"index, follow, max-snippet:-1, max-image-preview:large, max-video-preview:-1\" \/>\n<link rel=\"canonical\" href=\"https:\/\/holisticcentre.es\/es\/producto\/curso-atm-y-sus-relaciones-funcionales\/\" \/>\n<meta property=\"og:locale\" content=\"es_ES\" \/>\n<meta property=\"og:type\" content=\"article\" \/>\n<meta property=\"og:title\" content=\"Curso ATM y sus relaciones funcionales (NIVEL 1) (REALIZADO) - Holistic Centre\" \/>\n<meta property=\"og:description\" content=\"Fechas: 29 y 30 de noviembre.  Precio:   240 euros.  Horas totales:   20 horas.  Nivel:   Nivel 1. Esta formaci\u00f3n est\u00e1 dise\u00f1ada en dos niveles. Con este curso, los alumnos realizan el primer nivel, imprescindible para poder acceder al siguiente.  Horario:   S\u00e1bado: 9:00 a 14:00 y de 15:30 a 20:30.  Domingo: de 8:00 a 14:00 y de 15:30 a 19:30.  Aforo:   Plazas: m\u00e1ximo 20 personas.  Dirigido por:   Fisioterapeutas.  Idioma:   Espa\u00f1ol.  Ubicaci\u00f3n:   Hol\u00edstico Centro Balaguer  Profesor:  Dr. Jorge Rodrigo Rodr\u00edguez  Prof. Titular de Universidad (UCLM).  Especialista en Acupuntura y Fisioterapia Invasiva.  Especialista en Terapia Manual y Osteopat\u00eda.  Objetivos y metodolog\u00eda:   Detectar el vac\u00edo en la formaci\u00f3n de fisioterapeutas en disfunci\u00f3n craneomandibular.  Respuesta a la demanda de odont\u00f3logos, cirujanos maxilofaciales y fisioterapeutas.  Enfoque te\u00f3rico-pr\u00e1ctico (40% teor\u00eda, 60% pr\u00e1ctica).  Metodolog\u00eda: lecciones magistrales, presentaciones, v\u00eddeos, modelos anat\u00f3micos, pr\u00e1cticas entre alumnos y, si es posible, pacientes reales.  Temari:   Introducci\u00f3n a la fisioterapia de la ATM: sistema estomatogn\u00e1tico, disfunci\u00f3n craneomandibular, maloclusi\u00f3n y tratamiento, relaci\u00f3n con cirug\u00eda maxilofacial, postura y oclusi\u00f3n.  Anatom\u00eda y fisiolog\u00eda orofacial y de la ATM: c\u00f3ndilo, temporal, disco, c\u00e1psula, ligamentos, musculatura e inervaci\u00f3n. Relaci\u00f3n con otros segmentos corporales. Biomec\u00e1nica.  Patomec\u00e1nica de la ATM y diagn\u00f3stico funcional: maloclusi\u00f3n, patolog\u00edas sist\u00e9micas, disco articular, diagn\u00f3stico fisioterap\u00e9utico (radiolog\u00eda, inspecci\u00f3n, palpaci\u00f3n, movilidad, orientaci\u00f3n terap\u00e9utica).  Posturolog\u00eda y fisioterapia convencional aplicada a la ATM: cadenas musculares, columna, cinesiterapia, electroterapia y agentes f\u00edsicos.  Fisioterapia manual ATM: terapia manual ortop\u00e9dica, manipulaciones intra y extraarticulares, espacio suboccipital.  S\u00edndrome de dolor miofascial: masoterapia, inhibici\u00f3n postisqu\u00e9mica, cold spray &amp; stretch, t\u00e9cnica invasiva por musculatura masticatoria.  Terapias fasciales: trabajo miofascial en musculatura de cara y cuello, huesos craneofaciales y membranas transversales.  Farmacolog\u00eda y farmacoterapia: analg\u00e9sicos, antiinflamatorios y relajantes musculares.  Para m\u00e1s informaci\u00f3n, contacte al tel\u00e9fono 625442244 o al correo electr\u00f3nico  formacions@holisticcentre.es .\" \/>\n<meta property=\"og:url\" content=\"https:\/\/holisticcentre.es\/es\/producto\/curso-atm-y-sus-relaciones-funcionales\/\" \/>\n<meta property=\"og:site_name\" content=\"Holistic Centre\" \/>\n<meta property=\"article:modified_time\" content=\"2025-12-04T14:11:11+00:00\" \/>\n<meta property=\"og:image\" content=\"https:\/\/holisticcentre.es\/wp-content\/uploads\/2025\/08\/fisiosatm.png\" \/>\n\t<meta property=\"og:image:width\" content=\"1080\" \/>\n\t<meta property=\"og:image:height\" content=\"1350\" \/>\n\t<meta property=\"og:image:type\" content=\"image\/png\" \/>\n<meta name=\"twitter:card\" content=\"summary_large_image\" \/>\n<meta name=\"twitter:label1\" content=\"Tiempo de lectura\" \/>\n\t<meta name=\"twitter:data1\" content=\"1 minuto\" \/>\n<script type=\"application\/ld+json\" class=\"yoast-schema-graph\">{\"@context\":\"https:\/\/schema.org\",\"@graph\":[{\"@type\":\"WebPage\",\"@id\":\"https:\/\/holisticcentre.es\/es\/producto\/curso-atm-y-sus-relaciones-funcionales\/\",\"url\":\"https:\/\/holisticcentre.es\/es\/producto\/curso-atm-y-sus-relaciones-funcionales\/\",\"name\":\"Curso ATM y sus relaciones funcionales (NIVEL 1) (REALIZADO) - Holistic Centre\",\"isPartOf\":{\"@id\":\"https:\/\/holisticcentre.es\/es\/#website\"},\"primaryImageOfPage\":{\"@id\":\"https:\/\/holisticcentre.es\/es\/producto\/curso-atm-y-sus-relaciones-funcionales\/#primaryimage\"},\"image\":{\"@id\":\"https:\/\/holisticcentre.es\/es\/producto\/curso-atm-y-sus-relaciones-funcionales\/#primaryimage\"},\"thumbnailUrl\":\"https:\/\/holisticcentre.es\/wp-content\/uploads\/2025\/08\/fisiosatm.png\",\"datePublished\":\"2025-08-26T15:02:49+00:00\",\"dateModified\":\"2025-12-04T14:11:11+00:00\",\"breadcrumb\":{\"@id\":\"https:\/\/holisticcentre.es\/es\/producto\/curso-atm-y-sus-relaciones-funcionales\/#breadcrumb\"},\"inLanguage\":\"es\",\"potentialAction\":[{\"@type\":\"ReadAction\",\"target\":[\"https:\/\/holisticcentre.es\/es\/producto\/curso-atm-y-sus-relaciones-funcionales\/\"]}]},{\"@type\":\"ImageObject\",\"inLanguage\":\"es\",\"@id\":\"https:\/\/holisticcentre.es\/es\/producto\/curso-atm-y-sus-relaciones-funcionales\/#primaryimage\",\"url\":\"https:\/\/holisticcentre.es\/wp-content\/uploads\/2025\/08\/fisiosatm.png\",\"contentUrl\":\"https:\/\/holisticcentre.es\/wp-content\/uploads\/2025\/08\/fisiosatm.png\",\"width\":1080,\"height\":1350},{\"@type\":\"BreadcrumbList\",\"@id\":\"https:\/\/holisticcentre.es\/es\/producto\/curso-atm-y-sus-relaciones-funcionales\/#breadcrumb\",\"itemListElement\":[{\"@type\":\"ListItem\",\"position\":1,\"name\":\"Home\",\"item\":\"https:\/\/holisticcentre.es\/es\/\"},{\"@type\":\"ListItem\",\"position\":2,\"name\":\"Formaciones\",\"item\":\"https:\/\/holisticcentre.es\/es\/formaciones\/\"},{\"@type\":\"ListItem\",\"position\":3,\"name\":\"Curso ATM y sus relaciones funcionales (NIVEL 1) (REALIZADO)\"}]},{\"@type\":\"WebSite\",\"@id\":\"https:\/\/holisticcentre.es\/es\/#website\",\"url\":\"https:\/\/holisticcentre.es\/es\/\",\"name\":\"Holistic Centre\",\"description\":\"\",\"potentialAction\":[{\"@type\":\"SearchAction\",\"target\":{\"@type\":\"EntryPoint\",\"urlTemplate\":\"https:\/\/holisticcentre.es\/es\/?s={search_term_string}\"},\"query-input\":{\"@type\":\"PropertyValueSpecification\",\"valueRequired\":true,\"valueName\":\"search_term_string\"}}],\"inLanguage\":\"es\"}]}<\/script>\n<!-- \/ Yoast SEO plugin. -->","yoast_head_json":{"title":"Curso ATM y sus relaciones funcionales (NIVEL 1) (REALIZADO) - Holistic Centre","robots":{"index":"index","follow":"follow","max-snippet":"max-snippet:-1","max-image-preview":"max-image-preview:large","max-video-preview":"max-video-preview:-1"},"canonical":"https:\/\/holisticcentre.es\/es\/producto\/curso-atm-y-sus-relaciones-funcionales\/","og_locale":"es_ES","og_type":"article","og_title":"Curso ATM y sus relaciones funcionales (NIVEL 1) (REALIZADO) - Holistic Centre","og_description":"Fechas: 29 y 30 de noviembre.  Precio:   240 euros.  Horas totales:   20 horas.  Nivel:   Nivel 1. Esta formaci\u00f3n est\u00e1 dise\u00f1ada en dos niveles. Con este curso, los alumnos realizan el primer nivel, imprescindible para poder acceder al siguiente.  Horario:   S\u00e1bado: 9:00 a 14:00 y de 15:30 a 20:30.  Domingo: de 8:00 a 14:00 y de 15:30 a 19:30.  Aforo:   Plazas: m\u00e1ximo 20 personas.  Dirigido por:   Fisioterapeutas.  Idioma:   Espa\u00f1ol.  Ubicaci\u00f3n:   Hol\u00edstico Centro Balaguer  Profesor:  Dr. Jorge Rodrigo Rodr\u00edguez  Prof. Titular de Universidad (UCLM).  Especialista en Acupuntura y Fisioterapia Invasiva.  Especialista en Terapia Manual y Osteopat\u00eda.  Objetivos y metodolog\u00eda:   Detectar el vac\u00edo en la formaci\u00f3n de fisioterapeutas en disfunci\u00f3n craneomandibular.  Respuesta a la demanda de odont\u00f3logos, cirujanos maxilofaciales y fisioterapeutas.  Enfoque te\u00f3rico-pr\u00e1ctico (40% teor\u00eda, 60% pr\u00e1ctica).  Metodolog\u00eda: lecciones magistrales, presentaciones, v\u00eddeos, modelos anat\u00f3micos, pr\u00e1cticas entre alumnos y, si es posible, pacientes reales.  Temari:   Introducci\u00f3n a la fisioterapia de la ATM: sistema estomatogn\u00e1tico, disfunci\u00f3n craneomandibular, maloclusi\u00f3n y tratamiento, relaci\u00f3n con cirug\u00eda maxilofacial, postura y oclusi\u00f3n.  Anatom\u00eda y fisiolog\u00eda orofacial y de la ATM: c\u00f3ndilo, temporal, disco, c\u00e1psula, ligamentos, musculatura e inervaci\u00f3n. Relaci\u00f3n con otros segmentos corporales. Biomec\u00e1nica.  Patomec\u00e1nica de la ATM y diagn\u00f3stico funcional: maloclusi\u00f3n, patolog\u00edas sist\u00e9micas, disco articular, diagn\u00f3stico fisioterap\u00e9utico (radiolog\u00eda, inspecci\u00f3n, palpaci\u00f3n, movilidad, orientaci\u00f3n terap\u00e9utica).  Posturolog\u00eda y fisioterapia convencional aplicada a la ATM: cadenas musculares, columna, cinesiterapia, electroterapia y agentes f\u00edsicos.  Fisioterapia manual ATM: terapia manual ortop\u00e9dica, manipulaciones intra y extraarticulares, espacio suboccipital.  S\u00edndrome de dolor miofascial: masoterapia, inhibici\u00f3n postisqu\u00e9mica, cold spray &amp; stretch, t\u00e9cnica invasiva por musculatura masticatoria.  Terapias fasciales: trabajo miofascial en musculatura de cara y cuello, huesos craneofaciales y membranas transversales.  Farmacolog\u00eda y farmacoterapia: analg\u00e9sicos, antiinflamatorios y relajantes musculares.  Para m\u00e1s informaci\u00f3n, contacte al tel\u00e9fono 625442244 o al correo electr\u00f3nico  formacions@holisticcentre.es .","og_url":"https:\/\/holisticcentre.es\/es\/producto\/curso-atm-y-sus-relaciones-funcionales\/","og_site_name":"Holistic Centre","article_modified_time":"2025-12-04T14:11:11+00:00","og_image":[{"width":1080,"height":1350,"url":"https:\/\/holisticcentre.es\/wp-content\/uploads\/2025\/08\/fisiosatm.png","type":"image\/png"}],"twitter_card":"summary_large_image","twitter_misc":{"Tiempo de lectura":"1 minuto"},"schema":{"@context":"https:\/\/schema.org","@graph":[{"@type":"WebPage","@id":"https:\/\/holisticcentre.es\/es\/producto\/curso-atm-y-sus-relaciones-funcionales\/","url":"https:\/\/holisticcentre.es\/es\/producto\/curso-atm-y-sus-relaciones-funcionales\/","name":"Curso ATM y sus relaciones funcionales (NIVEL 1) (REALIZADO) - Holistic Centre","isPartOf":{"@id":"https:\/\/holisticcentre.es\/es\/#website"},"primaryImageOfPage":{"@id":"https:\/\/holisticcentre.es\/es\/producto\/curso-atm-y-sus-relaciones-funcionales\/#primaryimage"},"image":{"@id":"https:\/\/holisticcentre.es\/es\/producto\/curso-atm-y-sus-relaciones-funcionales\/#primaryimage"},"thumbnailUrl":"https:\/\/holisticcentre.es\/wp-content\/uploads\/2025\/08\/fisiosatm.png","datePublished":"2025-08-26T15:02:49+00:00","dateModified":"2025-12-04T14:11:11+00:00","breadcrumb":{"@id":"https:\/\/holisticcentre.es\/es\/producto\/curso-atm-y-sus-relaciones-funcionales\/#breadcrumb"},"inLanguage":"es","potentialAction":[{"@type":"ReadAction","target":["https:\/\/holisticcentre.es\/es\/producto\/curso-atm-y-sus-relaciones-funcionales\/"]}]},{"@type":"ImageObject","inLanguage":"es","@id":"https:\/\/holisticcentre.es\/es\/producto\/curso-atm-y-sus-relaciones-funcionales\/#primaryimage","url":"https:\/\/holisticcentre.es\/wp-content\/uploads\/2025\/08\/fisiosatm.png","contentUrl":"https:\/\/holisticcentre.es\/wp-content\/uploads\/2025\/08\/fisiosatm.png","width":1080,"height":1350},{"@type":"BreadcrumbList","@id":"https:\/\/holisticcentre.es\/es\/producto\/curso-atm-y-sus-relaciones-funcionales\/#breadcrumb","itemListElement":[{"@type":"ListItem","position":1,"name":"Home","item":"https:\/\/holisticcentre.es\/es\/"},{"@type":"ListItem","position":2,"name":"Formaciones","item":"https:\/\/holisticcentre.es\/es\/formaciones\/"},{"@type":"ListItem","position":3,"name":"Curso ATM y sus relaciones funcionales (NIVEL 1) (REALIZADO)"}]},{"@type":"WebSite","@id":"https:\/\/holisticcentre.es\/es\/#website","url":"https:\/\/holisticcentre.es\/es\/","name":"Holistic Centre","description":"","potentialAction":[{"@type":"SearchAction","target":{"@type":"EntryPoint","urlTemplate":"https:\/\/holisticcentre.es\/es\/?s={search_term_string}"},"query-input":{"@type":"PropertyValueSpecification","valueRequired":true,"valueName":"search_term_string"}}],"inLanguage":"es"}]}},"_links":{"self":[{"href":"https:\/\/holisticcentre.es\/es\/wp-json\/wp\/v2\/product\/1870","targetHints":{"allow":["GET"]}}],"collection":[{"href":"https:\/\/holisticcentre.es\/es\/wp-json\/wp\/v2\/product"}],"about":[{"href":"https:\/\/holisticcentre.es\/es\/wp-json\/wp\/v2\/types\/product"}],"replies":[{"embeddable":true,"href":"https:\/\/holisticcentre.es\/es\/wp-json\/wp\/v2\/comments?post=1870"}],"wp:featuredmedia":[{"embeddable":true,"href":"https:\/\/holisticcentre.es\/es\/wp-json\/wp\/v2\/media\/1880"}],"wp:attachment":[{"href":"https:\/\/holisticcentre.es\/es\/wp-json\/wp\/v2\/media?parent=1870"}],"wp:term":[{"taxonomy":"product_brand","embeddable":true,"href":"https:\/\/holisticcentre.es\/es\/wp-json\/wp\/v2\/product_brand?post=1870"},{"taxonomy":"product_cat","embeddable":true,"href":"https:\/\/holisticcentre.es\/es\/wp-json\/wp\/v2\/product_cat?post=1870"},{"taxonomy":"product_tag","embeddable":true,"href":"https:\/\/holisticcentre.es\/es\/wp-json\/wp\/v2\/product_tag?post=1870"}],"curies":[{"name":"wp","href":"https:\/\/api.w.org\/{rel}","templated":true}]}}