{"id":1994,"date":"2025-10-16T11:41:27","date_gmt":"2025-10-16T09:41:27","guid":{"rendered":"https:\/\/holisticcentre.es\/product\/jornada-cadenas-lesionales-eeii-y-complejo-lumbopelvico\/"},"modified":"2025-12-22T08:52:36","modified_gmt":"2025-12-22T07:52:36","slug":"jornada-cadenas-lesionales-eeii-y-complejo-lumbopelvico","status":"publish","type":"product","link":"https:\/\/holisticcentre.es\/es\/producto\/jornada-cadenas-lesionales-eeii-y-complejo-lumbopelvico\/","title":{"rendered":"Jornada \u201cCadenas lesionales EEII y complejo lumbop\u00e9lvico\u201d (REALIZADO)"},"content":{"rendered":"","protected":false},"excerpt":{"rendered":"<p><strong>Fecha:<\/strong> Jueves 19 de diciembre de 2025<br \/>\n<strong>Ubicaci\u00f3n:<\/strong> Hol\u00edstico Centro \u2013 Balaguer<br \/>\n<strong>Precio:<\/strong> 130 \u20ac<br \/>\n<strong>Aforo:<\/strong> m\u00e1ximo 20 personas<\/p>\n<p><strong>Horario:<\/strong> de 9:00 a 14:00 y de 15:00 a 19:30<\/p>\n<h3>Dirigido a<\/h3>\n<p>Fisioterapeutas<\/p>\n<h3>Docente<\/h3>\n<p><strong>Pedro Rubio<\/strong><\/p>\n<p>Fisioterapeuta y oste\u00f3pata, apasionado por su profesi\u00f3n y profundamente comprometido con la comprensi\u00f3n del funcionamiento humano, tanto a nivel local como global. Se define como un cl\u00ednico curioso, autocr\u00edtico e inquieto, con una mirada cr\u00edtica y abierta que constantemente replantea los conceptos cl\u00e1sicos para explorar nuevas v\u00edas de abordaje terap\u00e9utico.<\/p>\n<p>Con una amplia experiencia cl\u00ednica y docente, destaca por su capacidad para relacionar datos, integrar conocimientos y conectar con las personas desde la ciencia, la empat\u00eda y el respeto por su singularidad. Es fundador y director del centro Cos Global (desde 1997), donde combina la actividad cl\u00ednica y la docencia de forma inseparable.<\/p>\n<h4>Formaci\u00f3n acad\u00e9mica<\/h4>\n<ul>\n<li>Diplomado en Fisioterapia (1992\u20131995) y Graduado en Fisioterapia (2011) \u2013 E.U. Gimbernat (UAB)<\/li>\n<li>Oste\u00f3pata \u2013 Universidad Ramon Llull y European School of Osteopathy (1999\u20132003)<\/li>\n<\/ul>\n<h4>Docencia<\/h4>\n<p>Profesor de grado, m\u00e1ster, posgrado y formaci\u00f3n continuada desde 1997. Ha impartido formaci\u00f3n en diversas universidades y centros, tanto a nivel nacional como internacional.<\/p>\n<h4>Formaci\u00f3n complementaria<\/h4>\n<p>Se ha formado con numerosos referentes en posturolog\u00eda, reeducaci\u00f3n del movimiento, ejercicio terap\u00e9utico y t\u00e9cnicas activas. Profundo conocedor de la terapia manual y de las t\u00e9cnicas neuroortop\u00e9dicas, desde los autores cl\u00e1sicos hasta los m\u00e1s actuales. Amplio bagaje en el abordaje de s\u00edndromes cl\u00ednicos complejos, dolor persistente, biomec\u00e1nica, podolog\u00eda, PNI (psiconeuroinmunolog\u00eda), PNL y enfoques sist\u00e9micos y biopsicosociales.<\/p>\n<h3>Objetivos<\/h3>\n<p>La extremidad inferior y la pelvis funcionan conjuntamente de forma indisociable. Esto hace literalmente imposible abordar un tratamiento eficaz de las EEII \u2014y posiblemente tampoco de la columna\u2014 sin una adecuada comprensi\u00f3n de las influencias rec\u00edprocas entre estas estructuras.<\/P><\/p>\n<p>Esta jornada intensiva, pensada para fisioterapeutas, ofrece una mirada integradora y funcional sobre las cadenas lesionales de la extremidad inferior. Se pondr\u00e1 \u00e9nfasis en:<\/p>\n<ul>\n<li>La comprensi\u00f3n global y anal\u00edtica de cada zona y su interrelaci\u00f3n.<\/li>\n<li>La valoraci\u00f3n cl\u00ednica de las alteraciones que favorecen mecanismos compensatorios, adaptativos y disfunciones de movimiento.<\/li>\n<li>La diferenciaci\u00f3n entre patrones relevantes o no, as\u00ed como su relaci\u00f3n con varios s\u00edndromes cl\u00ednicos.<\/li>\n<li>Las diferencias anat\u00f3micas interpersonales y c\u00f3mo \u00e9stas condicionan tanto la funci\u00f3n como el abordaje terap\u00e9utico activo.<\/li>\n<\/ul>\n<h4>Objetivos espec\u00edficos<\/h4>\n<ul>\n<li>Entender el concepto de cadena lesional y su aplicaci\u00f3n cl\u00ednica.<\/li>\n<li>Identificar patrones disfuncionales m\u00e1s frecuentes en EEII y complejo lumbop\u00e9lvico, y conocer c\u00f3mo explorarlos y relacionarlos.<\/li>\n<li>Aplicar estrategias terap\u00e9uticas a trav\u00e9s del movimiento, ejercicio activo y terapia manual.<\/li>\n<li>Integrar el razonamiento cl\u00ednico en la pr\u00e1ctica diaria de forma funcional y personalizada.<\/li>\n<\/ul>\n<h3>Programa<\/h3>\n<ul>\n<li>Introducci\u00f3n a las cadenas lesionales: definici\u00f3n, variabilidad, individualidad y marco conceptual.<\/li>\n<li>\u00bfDisfunci\u00f3n o variante de la normalidad? \u00bfRelevante o irrelevante?<\/li>\n<li>Valoraci\u00f3n de las principales zonas favorecedoras de mecanismos disfuncionales en las EEII.<\/li>\n<li>Valoraci\u00f3n de biometr\u00edas y su influencia funcional.<\/li>\n<li>Relaciones neurol\u00f3gicas implicadas.<\/li>\n<li>Integraci\u00f3n en el tratamiento seg\u00fan patrones detectados.<\/li>\n<li>Ejercicio terap\u00e9utico y readaptaci\u00f3n funcional.<\/li>\n<li>Debate final y espacio para preguntas.<\/li>\n<\/ul>\n<h3>Informaci\u00f3n y reservas<\/h3>\n<ul>\n<li>Tel\u00e9fono: <a href=\"tel:+34625442244\">625 44 22 44<\/a><\/li>\n<li>Correo: <a href=\"mailto:formacions@holisticcentre.es\">formacions@holisticcentre.es<\/a><\/li>\n<\/ul>\n","protected":false},"featured_media":1993,"comment_status":"closed","ping_status":"closed","template":"","meta":[],"product_brand":[],"product_cat":[40],"product_tag":[],"class_list":{"0":"post-1994","1":"product","2":"type-product","3":"status-publish","4":"has-post-thumbnail","6":"product_cat-sin-categorizar","7":"product-grid-view","9":"first","10":"outofstock","11":"virtual","12":"sold-individually","13":"purchasable","14":"product-type-simple"},"yoast_head":"<!-- This site is optimized with the Yoast SEO plugin v26.0 - https:\/\/yoast.com\/wordpress\/plugins\/seo\/ -->\n<title>Jornada \u201cCadenas lesionales EEII y complejo lumbop\u00e9lvico\u201d (REALIZADO) - Holistic Centre<\/title>\n<meta name=\"robots\" content=\"index, follow, max-snippet:-1, max-image-preview:large, max-video-preview:-1\" \/>\n<link rel=\"canonical\" href=\"https:\/\/holisticcentre.es\/es\/producto\/jornada-cadenas-lesionales-eeii-y-complejo-lumbopelvico\/\" \/>\n<meta property=\"og:locale\" content=\"es_ES\" \/>\n<meta property=\"og:type\" content=\"article\" \/>\n<meta property=\"og:title\" content=\"Jornada \u201cCadenas lesionales EEII y complejo lumbop\u00e9lvico\u201d (REALIZADO) - Holistic Centre\" \/>\n<meta property=\"og:description\" content=\"Fecha: Jueves 19 de diciembre de 2025 Ubicaci\u00f3n: Hol\u00edstico Centro \u2013 Balaguer Precio: 130 \u20ac Aforo: m\u00e1ximo 20 personas Horario: de 9:00 a 14:00 y de 15:00 a 19:30 Dirigido a Fisioterapeutas Docente Pedro Rubio Fisioterapeuta y oste\u00f3pata, apasionado por su profesi\u00f3n y profundamente comprometido con la comprensi\u00f3n del funcionamiento humano, tanto a nivel local como global. Se define como un cl\u00ednico curioso, autocr\u00edtico e inquieto, con una mirada cr\u00edtica y abierta que constantemente replantea los conceptos cl\u00e1sicos para explorar nuevas v\u00edas de abordaje terap\u00e9utico. Con una amplia experiencia cl\u00ednica y docente, destaca por su capacidad para relacionar datos, integrar conocimientos y conectar con las personas desde la ciencia, la empat\u00eda y el respeto por su singularidad. Es fundador y director del centro Cos Global (desde 1997), donde combina la actividad cl\u00ednica y la docencia de forma inseparable. Formaci\u00f3n acad\u00e9mica  Diplomado en Fisioterapia (1992\u20131995) y Graduado en Fisioterapia (2011) \u2013 E.U. Gimbernat (UAB) Oste\u00f3pata \u2013 Universidad Ramon Llull y European School of Osteopathy (1999\u20132003)  Docencia Profesor de grado, m\u00e1ster, posgrado y formaci\u00f3n continuada desde 1997. Ha impartido formaci\u00f3n en diversas universidades y centros, tanto a nivel nacional como internacional. Formaci\u00f3n complementaria Se ha formado con numerosos referentes en posturolog\u00eda, reeducaci\u00f3n del movimiento, ejercicio terap\u00e9utico y t\u00e9cnicas activas. Profundo conocedor de la terapia manual y de las t\u00e9cnicas neuroortop\u00e9dicas, desde los autores cl\u00e1sicos hasta los m\u00e1s actuales. Amplio bagaje en el abordaje de s\u00edndromes cl\u00ednicos complejos, dolor persistente, biomec\u00e1nica, podolog\u00eda, PNI (psiconeuroinmunolog\u00eda), PNL y enfoques sist\u00e9micos y biopsicosociales. Objetivos La extremidad inferior y la pelvis funcionan conjuntamente de forma indisociable. Esto hace literalmente imposible abordar un tratamiento eficaz de las EEII \u2014y posiblemente tampoco de la columna\u2014 sin una adecuada comprensi\u00f3n de las influencias rec\u00edprocas entre estas estructuras. Esta jornada intensiva, pensada para fisioterapeutas, ofrece una mirada integradora y funcional sobre las cadenas lesionales de la extremidad inferior. Se pondr\u00e1 \u00e9nfasis en:  La comprensi\u00f3n global y anal\u00edtica de cada zona y su interrelaci\u00f3n. La valoraci\u00f3n cl\u00ednica de las alteraciones que favorecen mecanismos compensatorios, adaptativos y disfunciones de movimiento. La diferenciaci\u00f3n entre patrones relevantes o no, as\u00ed como su relaci\u00f3n con varios s\u00edndromes cl\u00ednicos. Las diferencias anat\u00f3micas interpersonales y c\u00f3mo \u00e9stas condicionan tanto la funci\u00f3n como el abordaje terap\u00e9utico activo.  Objetivos espec\u00edficos  Entender el concepto de cadena lesional y su aplicaci\u00f3n cl\u00ednica. Identificar patrones disfuncionales m\u00e1s frecuentes en EEII y complejo lumbop\u00e9lvico, y conocer c\u00f3mo explorarlos y relacionarlos. Aplicar estrategias terap\u00e9uticas a trav\u00e9s del movimiento, ejercicio activo y terapia manual. Integrar el razonamiento cl\u00ednico en la pr\u00e1ctica diaria de forma funcional y personalizada.  Programa  Introducci\u00f3n a las cadenas lesionales: definici\u00f3n, variabilidad, individualidad y marco conceptual. \u00bfDisfunci\u00f3n o variante de la normalidad? \u00bfRelevante o irrelevante? Valoraci\u00f3n de las principales zonas favorecedoras de mecanismos disfuncionales en las EEII. Valoraci\u00f3n de biometr\u00edas y su influencia funcional. Relaciones neurol\u00f3gicas implicadas. Integraci\u00f3n en el tratamiento seg\u00fan patrones detectados. Ejercicio terap\u00e9utico y readaptaci\u00f3n funcional. Debate final y espacio para preguntas.  Informaci\u00f3n y reservas  Tel\u00e9fono: 625 44 22 44 Correo: formacions@holisticcentre.es\" \/>\n<meta property=\"og:url\" content=\"https:\/\/holisticcentre.es\/es\/producto\/jornada-cadenas-lesionales-eeii-y-complejo-lumbopelvico\/\" \/>\n<meta property=\"og:site_name\" content=\"Holistic Centre\" \/>\n<meta property=\"article:modified_time\" content=\"2025-12-22T07:52:36+00:00\" \/>\n<meta property=\"og:image\" content=\"https:\/\/holisticcentre.es\/wp-content\/uploads\/2020\/09\/WhatsApp-Image-2025-10-16-at-10.57.03.jpeg\" \/>\n\t<meta property=\"og:image:width\" content=\"1080\" \/>\n\t<meta property=\"og:image:height\" content=\"1350\" \/>\n\t<meta property=\"og:image:type\" content=\"image\/jpeg\" \/>\n<meta name=\"twitter:card\" content=\"summary_large_image\" \/>\n<meta name=\"twitter:label1\" content=\"Tiempo de lectura\" \/>\n\t<meta name=\"twitter:data1\" content=\"1 minuto\" \/>\n<script type=\"application\/ld+json\" class=\"yoast-schema-graph\">{\"@context\":\"https:\/\/schema.org\",\"@graph\":[{\"@type\":\"WebPage\",\"@id\":\"https:\/\/holisticcentre.es\/es\/producto\/jornada-cadenas-lesionales-eeii-y-complejo-lumbopelvico\/\",\"url\":\"https:\/\/holisticcentre.es\/es\/producto\/jornada-cadenas-lesionales-eeii-y-complejo-lumbopelvico\/\",\"name\":\"Jornada \u201cCadenas lesionales EEII y complejo lumbop\u00e9lvico\u201d (REALIZADO) - Holistic Centre\",\"isPartOf\":{\"@id\":\"https:\/\/holisticcentre.es\/es\/#website\"},\"primaryImageOfPage\":{\"@id\":\"https:\/\/holisticcentre.es\/es\/producto\/jornada-cadenas-lesionales-eeii-y-complejo-lumbopelvico\/#primaryimage\"},\"image\":{\"@id\":\"https:\/\/holisticcentre.es\/es\/producto\/jornada-cadenas-lesionales-eeii-y-complejo-lumbopelvico\/#primaryimage\"},\"thumbnailUrl\":\"https:\/\/holisticcentre.es\/wp-content\/uploads\/2020\/09\/WhatsApp-Image-2025-10-16-at-10.57.03.jpeg\",\"datePublished\":\"2025-10-16T09:41:27+00:00\",\"dateModified\":\"2025-12-22T07:52:36+00:00\",\"breadcrumb\":{\"@id\":\"https:\/\/holisticcentre.es\/es\/producto\/jornada-cadenas-lesionales-eeii-y-complejo-lumbopelvico\/#breadcrumb\"},\"inLanguage\":\"es\",\"potentialAction\":[{\"@type\":\"ReadAction\",\"target\":[\"https:\/\/holisticcentre.es\/es\/producto\/jornada-cadenas-lesionales-eeii-y-complejo-lumbopelvico\/\"]}]},{\"@type\":\"ImageObject\",\"inLanguage\":\"es\",\"@id\":\"https:\/\/holisticcentre.es\/es\/producto\/jornada-cadenas-lesionales-eeii-y-complejo-lumbopelvico\/#primaryimage\",\"url\":\"https:\/\/holisticcentre.es\/wp-content\/uploads\/2020\/09\/WhatsApp-Image-2025-10-16-at-10.57.03.jpeg\",\"contentUrl\":\"https:\/\/holisticcentre.es\/wp-content\/uploads\/2020\/09\/WhatsApp-Image-2025-10-16-at-10.57.03.jpeg\",\"width\":1080,\"height\":1350},{\"@type\":\"BreadcrumbList\",\"@id\":\"https:\/\/holisticcentre.es\/es\/producto\/jornada-cadenas-lesionales-eeii-y-complejo-lumbopelvico\/#breadcrumb\",\"itemListElement\":[{\"@type\":\"ListItem\",\"position\":1,\"name\":\"Home\",\"item\":\"https:\/\/holisticcentre.es\/es\/\"},{\"@type\":\"ListItem\",\"position\":2,\"name\":\"Formaciones\",\"item\":\"https:\/\/holisticcentre.es\/es\/formaciones\/\"},{\"@type\":\"ListItem\",\"position\":3,\"name\":\"Jornada \u201cCadenas lesionales EEII y complejo lumbop\u00e9lvico\u201d (REALIZADO)\"}]},{\"@type\":\"WebSite\",\"@id\":\"https:\/\/holisticcentre.es\/es\/#website\",\"url\":\"https:\/\/holisticcentre.es\/es\/\",\"name\":\"Holistic Centre\",\"description\":\"\",\"potentialAction\":[{\"@type\":\"SearchAction\",\"target\":{\"@type\":\"EntryPoint\",\"urlTemplate\":\"https:\/\/holisticcentre.es\/es\/?s={search_term_string}\"},\"query-input\":{\"@type\":\"PropertyValueSpecification\",\"valueRequired\":true,\"valueName\":\"search_term_string\"}}],\"inLanguage\":\"es\"}]}<\/script>\n<!-- \/ Yoast SEO plugin. -->","yoast_head_json":{"title":"Jornada \u201cCadenas lesionales EEII y complejo lumbop\u00e9lvico\u201d (REALIZADO) - Holistic Centre","robots":{"index":"index","follow":"follow","max-snippet":"max-snippet:-1","max-image-preview":"max-image-preview:large","max-video-preview":"max-video-preview:-1"},"canonical":"https:\/\/holisticcentre.es\/es\/producto\/jornada-cadenas-lesionales-eeii-y-complejo-lumbopelvico\/","og_locale":"es_ES","og_type":"article","og_title":"Jornada \u201cCadenas lesionales EEII y complejo lumbop\u00e9lvico\u201d (REALIZADO) - Holistic Centre","og_description":"Fecha: Jueves 19 de diciembre de 2025 Ubicaci\u00f3n: Hol\u00edstico Centro \u2013 Balaguer Precio: 130 \u20ac Aforo: m\u00e1ximo 20 personas Horario: de 9:00 a 14:00 y de 15:00 a 19:30 Dirigido a Fisioterapeutas Docente Pedro Rubio Fisioterapeuta y oste\u00f3pata, apasionado por su profesi\u00f3n y profundamente comprometido con la comprensi\u00f3n del funcionamiento humano, tanto a nivel local como global. Se define como un cl\u00ednico curioso, autocr\u00edtico e inquieto, con una mirada cr\u00edtica y abierta que constantemente replantea los conceptos cl\u00e1sicos para explorar nuevas v\u00edas de abordaje terap\u00e9utico. Con una amplia experiencia cl\u00ednica y docente, destaca por su capacidad para relacionar datos, integrar conocimientos y conectar con las personas desde la ciencia, la empat\u00eda y el respeto por su singularidad. Es fundador y director del centro Cos Global (desde 1997), donde combina la actividad cl\u00ednica y la docencia de forma inseparable. Formaci\u00f3n acad\u00e9mica  Diplomado en Fisioterapia (1992\u20131995) y Graduado en Fisioterapia (2011) \u2013 E.U. Gimbernat (UAB) Oste\u00f3pata \u2013 Universidad Ramon Llull y European School of Osteopathy (1999\u20132003)  Docencia Profesor de grado, m\u00e1ster, posgrado y formaci\u00f3n continuada desde 1997. Ha impartido formaci\u00f3n en diversas universidades y centros, tanto a nivel nacional como internacional. Formaci\u00f3n complementaria Se ha formado con numerosos referentes en posturolog\u00eda, reeducaci\u00f3n del movimiento, ejercicio terap\u00e9utico y t\u00e9cnicas activas. Profundo conocedor de la terapia manual y de las t\u00e9cnicas neuroortop\u00e9dicas, desde los autores cl\u00e1sicos hasta los m\u00e1s actuales. Amplio bagaje en el abordaje de s\u00edndromes cl\u00ednicos complejos, dolor persistente, biomec\u00e1nica, podolog\u00eda, PNI (psiconeuroinmunolog\u00eda), PNL y enfoques sist\u00e9micos y biopsicosociales. Objetivos La extremidad inferior y la pelvis funcionan conjuntamente de forma indisociable. Esto hace literalmente imposible abordar un tratamiento eficaz de las EEII \u2014y posiblemente tampoco de la columna\u2014 sin una adecuada comprensi\u00f3n de las influencias rec\u00edprocas entre estas estructuras. Esta jornada intensiva, pensada para fisioterapeutas, ofrece una mirada integradora y funcional sobre las cadenas lesionales de la extremidad inferior. Se pondr\u00e1 \u00e9nfasis en:  La comprensi\u00f3n global y anal\u00edtica de cada zona y su interrelaci\u00f3n. La valoraci\u00f3n cl\u00ednica de las alteraciones que favorecen mecanismos compensatorios, adaptativos y disfunciones de movimiento. La diferenciaci\u00f3n entre patrones relevantes o no, as\u00ed como su relaci\u00f3n con varios s\u00edndromes cl\u00ednicos. Las diferencias anat\u00f3micas interpersonales y c\u00f3mo \u00e9stas condicionan tanto la funci\u00f3n como el abordaje terap\u00e9utico activo.  Objetivos espec\u00edficos  Entender el concepto de cadena lesional y su aplicaci\u00f3n cl\u00ednica. Identificar patrones disfuncionales m\u00e1s frecuentes en EEII y complejo lumbop\u00e9lvico, y conocer c\u00f3mo explorarlos y relacionarlos. Aplicar estrategias terap\u00e9uticas a trav\u00e9s del movimiento, ejercicio activo y terapia manual. Integrar el razonamiento cl\u00ednico en la pr\u00e1ctica diaria de forma funcional y personalizada.  Programa  Introducci\u00f3n a las cadenas lesionales: definici\u00f3n, variabilidad, individualidad y marco conceptual. \u00bfDisfunci\u00f3n o variante de la normalidad? \u00bfRelevante o irrelevante? Valoraci\u00f3n de las principales zonas favorecedoras de mecanismos disfuncionales en las EEII. Valoraci\u00f3n de biometr\u00edas y su influencia funcional. Relaciones neurol\u00f3gicas implicadas. Integraci\u00f3n en el tratamiento seg\u00fan patrones detectados. Ejercicio terap\u00e9utico y readaptaci\u00f3n funcional. Debate final y espacio para preguntas.  Informaci\u00f3n y reservas  Tel\u00e9fono: 625 44 22 44 Correo: formacions@holisticcentre.es","og_url":"https:\/\/holisticcentre.es\/es\/producto\/jornada-cadenas-lesionales-eeii-y-complejo-lumbopelvico\/","og_site_name":"Holistic Centre","article_modified_time":"2025-12-22T07:52:36+00:00","og_image":[{"width":1080,"height":1350,"url":"https:\/\/holisticcentre.es\/wp-content\/uploads\/2020\/09\/WhatsApp-Image-2025-10-16-at-10.57.03.jpeg","type":"image\/jpeg"}],"twitter_card":"summary_large_image","twitter_misc":{"Tiempo de lectura":"1 minuto"},"schema":{"@context":"https:\/\/schema.org","@graph":[{"@type":"WebPage","@id":"https:\/\/holisticcentre.es\/es\/producto\/jornada-cadenas-lesionales-eeii-y-complejo-lumbopelvico\/","url":"https:\/\/holisticcentre.es\/es\/producto\/jornada-cadenas-lesionales-eeii-y-complejo-lumbopelvico\/","name":"Jornada \u201cCadenas lesionales EEII y complejo lumbop\u00e9lvico\u201d (REALIZADO) - Holistic Centre","isPartOf":{"@id":"https:\/\/holisticcentre.es\/es\/#website"},"primaryImageOfPage":{"@id":"https:\/\/holisticcentre.es\/es\/producto\/jornada-cadenas-lesionales-eeii-y-complejo-lumbopelvico\/#primaryimage"},"image":{"@id":"https:\/\/holisticcentre.es\/es\/producto\/jornada-cadenas-lesionales-eeii-y-complejo-lumbopelvico\/#primaryimage"},"thumbnailUrl":"https:\/\/holisticcentre.es\/wp-content\/uploads\/2020\/09\/WhatsApp-Image-2025-10-16-at-10.57.03.jpeg","datePublished":"2025-10-16T09:41:27+00:00","dateModified":"2025-12-22T07:52:36+00:00","breadcrumb":{"@id":"https:\/\/holisticcentre.es\/es\/producto\/jornada-cadenas-lesionales-eeii-y-complejo-lumbopelvico\/#breadcrumb"},"inLanguage":"es","potentialAction":[{"@type":"ReadAction","target":["https:\/\/holisticcentre.es\/es\/producto\/jornada-cadenas-lesionales-eeii-y-complejo-lumbopelvico\/"]}]},{"@type":"ImageObject","inLanguage":"es","@id":"https:\/\/holisticcentre.es\/es\/producto\/jornada-cadenas-lesionales-eeii-y-complejo-lumbopelvico\/#primaryimage","url":"https:\/\/holisticcentre.es\/wp-content\/uploads\/2020\/09\/WhatsApp-Image-2025-10-16-at-10.57.03.jpeg","contentUrl":"https:\/\/holisticcentre.es\/wp-content\/uploads\/2020\/09\/WhatsApp-Image-2025-10-16-at-10.57.03.jpeg","width":1080,"height":1350},{"@type":"BreadcrumbList","@id":"https:\/\/holisticcentre.es\/es\/producto\/jornada-cadenas-lesionales-eeii-y-complejo-lumbopelvico\/#breadcrumb","itemListElement":[{"@type":"ListItem","position":1,"name":"Home","item":"https:\/\/holisticcentre.es\/es\/"},{"@type":"ListItem","position":2,"name":"Formaciones","item":"https:\/\/holisticcentre.es\/es\/formaciones\/"},{"@type":"ListItem","position":3,"name":"Jornada \u201cCadenas lesionales EEII y complejo lumbop\u00e9lvico\u201d (REALIZADO)"}]},{"@type":"WebSite","@id":"https:\/\/holisticcentre.es\/es\/#website","url":"https:\/\/holisticcentre.es\/es\/","name":"Holistic Centre","description":"","potentialAction":[{"@type":"SearchAction","target":{"@type":"EntryPoint","urlTemplate":"https:\/\/holisticcentre.es\/es\/?s={search_term_string}"},"query-input":{"@type":"PropertyValueSpecification","valueRequired":true,"valueName":"search_term_string"}}],"inLanguage":"es"}]}},"_links":{"self":[{"href":"https:\/\/holisticcentre.es\/es\/wp-json\/wp\/v2\/product\/1994","targetHints":{"allow":["GET"]}}],"collection":[{"href":"https:\/\/holisticcentre.es\/es\/wp-json\/wp\/v2\/product"}],"about":[{"href":"https:\/\/holisticcentre.es\/es\/wp-json\/wp\/v2\/types\/product"}],"replies":[{"embeddable":true,"href":"https:\/\/holisticcentre.es\/es\/wp-json\/wp\/v2\/comments?post=1994"}],"wp:featuredmedia":[{"embeddable":true,"href":"https:\/\/holisticcentre.es\/es\/wp-json\/wp\/v2\/media\/1993"}],"wp:attachment":[{"href":"https:\/\/holisticcentre.es\/es\/wp-json\/wp\/v2\/media?parent=1994"}],"wp:term":[{"taxonomy":"product_brand","embeddable":true,"href":"https:\/\/holisticcentre.es\/es\/wp-json\/wp\/v2\/product_brand?post=1994"},{"taxonomy":"product_cat","embeddable":true,"href":"https:\/\/holisticcentre.es\/es\/wp-json\/wp\/v2\/product_cat?post=1994"},{"taxonomy":"product_tag","embeddable":true,"href":"https:\/\/holisticcentre.es\/es\/wp-json\/wp\/v2\/product_tag?post=1994"}],"curies":[{"name":"wp","href":"https:\/\/api.w.org\/{rel}","templated":true}]}}